{"id":2344,"date":"2023-03-03T12:14:07","date_gmt":"2023-03-03T12:14:07","guid":{"rendered":"https:\/\/hotelunicornis.hu\/web\/?page_id=2344"},"modified":"2026-03-08T23:23:09","modified_gmt":"2026-03-08T22:23:09","slug":"apartman","status":"publish","type":"page","link":"https:\/\/hotelunicornis.hu\/web\/apartman\/","title":{"rendered":"Apartmanszoba"},"content":{"rendered":"<div class=\"vce-row-container\" data-vce-boxed-width=\"true\"><div class=\"vce-row vce-row--col-gap-30 vce-row-equal-height vce-row-content--top\" id=\"el-5ea35969\" data-vce-do-apply=\"all el-5ea35969\"><div class=\"vce-row-content\" data-vce-element-content=\"true\"><div class=\"vce-col vce-col--md-auto vce-col--xs-1 vce-col--xs-last vce-col--xs-first vce-col--sm-last vce-col--sm-first vce-col--md-last vce-col--lg-last vce-col--xl-last vce-col--md-first vce-col--lg-first vce-col--xl-first\" id=\"el-ee435d18\"><div class=\"vce-col-inner\" data-vce-do-apply=\"border margin background  el-ee435d18\"><div class=\"vce-col-content\" data-vce-element-content=\"true\" data-vce-do-apply=\"padding el-ee435d18\"><section class=\"vce-hero-section-container vce-hero-section-media--xs vce-hero-section-media--sm vce-hero-section-media--md vce-hero-section-media--lg\"><div style='background-image:inherit;'  class=\"vce vce-hero-section lazyload\" id=\"el-10bbcc6e\" data-vce-background-image-all=\"https:\/\/hotelunicornis.hu\/web\/wp-content\/uploads\/2025\/01\/101a-retus-masolat.jpg\" data-vce-background-image=\"all\"  data-vce-do-apply=\"margin background border  el-10bbcc6e\" data-bg-image=\"url(&quot;https:\/\/hotelunicornis.hu\/web\/wp-content\/uploads\/2025\/01\/101a-retus-masolat.jpg&quot;)\"><div class=\"vce-hero-section--wrap-row\"><div class=\"vce-hero-section--wrap\"><div class=\"vce-hero-section--content\" data-vce-do-apply=\"padding el-10bbcc6e\"><div class=\"vce-hero-section--content-container\"><h1 style=\"color: #fff;\"><span style=\"font-family: 'Cinzel Decorative';\">apartman szoba<\/span><\/h1><p style=\"color: #fff;\">&nbsp;<\/p><\/div><div class=\"vce-button--style-basic-container vce-button--style-basic-container--align-center\"><span class=\"vce-button--style-basic-wrapper vce\" id=\"el-4b441c84\" data-vce-do-apply=\"margin el-4b441c84\"><a class=\"vce-button vce-button--style-basic vce-button--style-basic--border-rounded vce-button--style-basic--size-medium vce-button--style-basic--color-b-53-83-128--fff\" href=\"https:\/\/book.hotelunicornis.hu\/foglalas\" title=\"\" data-vce-do-apply=\"padding border background  el-4b441c84\">Foglal\u00e1s<\/a><\/span><\/div><\/div><\/div><\/div><\/div><\/section><\/div><\/div><\/div><\/div><\/div><\/div><div class=\"vce-row-container\" data-vce-boxed-width=\"true\"><div class=\"vce-row vce-row--col-gap-30 vce-row-equal-height vce-row-content--top\" id=\"el-02c40ec4\" data-vce-do-apply=\"all el-02c40ec4\"><div class=\"vce-row-content\" data-vce-element-content=\"true\"><div class=\"vce-col vce-col--md-auto vce-col--xs-1 vce-col--xs-last vce-col--xs-first vce-col--sm-last vce-col--sm-first vce-col--md-first vce-col--lg-first vce-col--xl-first\" id=\"el-3dec5945\"><div class=\"vce-col-inner\" data-vce-do-apply=\"border margin background  el-3dec5945\"><div class=\"vce-col-content\" data-vce-element-content=\"true\" data-vce-do-apply=\"padding el-3dec5945\"><div class=\"vce-text-block\"><div class=\"vce-text-block-wrapper vce\" id=\"el-ac4df8ae\" data-vce-do-apply=\"all el-ac4df8ae\"><p><span style=\"font-size: 24pt; font-family: 'Abhaya Libre';\"><strong><span class=\"link-text\"><span class=\"room-name\">Standard Plus Family 4 f\u0151s apartman 2 h\u00e1l\u00f3t\u00e9rrel&nbsp;<\/span><\/span><\/strong><\/span><\/p><p><span style=\"font-size: 16pt; font-family: 'Abhaya Libre';\">Sz\u00e1llod\u00e1nk&nbsp; emelet\u00e9n tal\u00e1lhat\u00f3,<\/span><\/p><p><span style=\"font-size: 16pt; font-family: 'Abhaya Libre';\"><strong>Alapter\u00fclet<\/strong>&nbsp;(f\u00fcrd\u0151szob\u00e1val, el\u0151t\u00e9rrel egy\u00fctt) 55-60 m2, <\/span><\/p><p><span style=\"font-size: 16pt; font-family: 'Abhaya Libre';\">3 l\u00e9gt\u00e9r,<\/span><\/p><p><span style=\"font-size: 16pt; font-family: 'Abhaya Libre';\">Ezek az apartmanok alkalmasak 5 f\u0151 elhelyez\u00e9s\u00e9re,:&nbsp; 1 db francia\u00e1gy, 2 db k\u00fcl\u00f6n\u00e1ll\u00f3 \u00e1gy \u00e9s 1 db kanap\u00e9\u00e1gy.<\/span><\/p><p><span style=\"font-size: 16pt; font-family: 'Abhaya Libre';\"><strong>\u00c1gy m\u00e9rete<\/strong>: 90*200 cm, 180*200 cm.&nbsp;<\/span><\/p><p><span style=\"font-size: 16pt; font-family: 'Abhaya Libre';\">A f\u00fcrd\u0151szob\u00e1kban zuhanyz\u00f3 tal\u00e1lhat\u00f3.<\/span><\/p><\/div><\/div><\/div><\/div><\/div><div class=\"vce-col vce-col--md-auto vce-col--xs-1 vce-col--xs-last vce-col--xs-first vce-col--sm-last vce-col--sm-first vce-col--md-last vce-col--lg-last vce-col--xl-last\" id=\"el-9b4be09d\"><div class=\"vce-col-inner\" data-vce-do-apply=\"border margin background  el-9b4be09d\"><div class=\"vce-col-content\" data-vce-element-content=\"true\" data-vce-do-apply=\"padding el-9b4be09d\"><div class=\"vce-text-block\"><div class=\"vce-text-block-wrapper vce\" id=\"el-a78098f6\" data-vce-do-apply=\"all el-a78098f6\"><p><span style=\"font-size: 16pt; font-family: 'Cinzel Decorative';\"><strong>Felszerelts\u00e9g:<\/strong><\/span><\/p><ul><li style=\"line-height: 2;\"><span style=\"font-size: 16pt; font-family: 'Abhaya Libre';\">zuhanyz\u00f3,<\/span><\/li><li style=\"line-height: 2;\"><span style=\"font-size: 16pt; font-family: 'Abhaya Libre';\">WC,<\/span><\/li><li style=\"line-height: 2;\"><span style=\"font-size: 16pt; font-family: 'Abhaya Libre';\">hajsz\u00e1r\u00edt\u00f3,<\/span><\/li><li style=\"line-height: 2;\"><span style=\"font-size: 16pt; font-family: 'Abhaya Libre';\">telefon,<\/span><\/li><li style=\"line-height: 2;\"><span style=\"font-size: 16pt; font-family: 'Abhaya Libre';\">l\u00e9gkondicion\u00e1l\u00f3,<\/span><\/li><li style=\"line-height: 2;\"><span style=\"font-size: 16pt; font-family: 'Abhaya Libre';\">m\u0171holdas LED t\u00e9v\u00e9,<\/span><\/li><li style=\"line-height: 2;\"><span style=\"font-size: 16pt; font-family: 'Abhaya Libre';\">WI-FI,<\/span><\/li><li>franciaerk\u00e9ly<\/li><\/ul><\/div><\/div><\/div><\/div><\/div><\/div><\/div><\/div><div class=\"vce-row-container\" data-vce-boxed-width=\"true\"><div class=\"vce-row vce-row--col-gap-30 vce-row-equal-height vce-row-content--top\" id=\"el-13e1876b\" data-vce-do-apply=\"all el-13e1876b\"><div class=\"vce-row-content\" data-vce-element-content=\"true\"><div class=\"vce-col vce-col--md-auto vce-col--xs-1 vce-col--xs-last vce-col--xs-first vce-col--sm-last vce-col--sm-first vce-col--md-last vce-col--lg-last vce-col--xl-last vce-col--md-first vce-col--lg-first vce-col--xl-first\" id=\"el-3eb3d020\"><div class=\"vce-col-inner\" data-vce-do-apply=\"border margin background  el-3eb3d020\"><div class=\"vce-col-content\" data-vce-element-content=\"true\" data-vce-do-apply=\"padding el-3eb3d020\"><div class=\"vce vce-separator-container vce-separator--align-center vce-separator--style-solid\" id=\"el-206a14d5\" data-vce-do-apply=\"margin el-206a14d5\"><div class=\"vce-separator vce-separator--color-bfc0c1 vce-separator--width-70 vce-separator--thickness-1\" data-vce-do-apply=\"border padding background  el-206a14d5\"><\/div><\/div><div class=\"vce-text-block\"><div class=\"vce-text-block-wrapper vce\" id=\"el-65eb6d2b\" data-vce-do-apply=\"all el-65eb6d2b\"><h2><!-- Final Tiles Grid Gallery for WordPress v3.6.13 free --><style>#ftg-1919 .tile .icon { color:#ffffff; }#ftg-1919 .ftg-items .loading-bar i { background:#666; }#ftg-1919 .ftg-items .loading-bar { background:#fff; }#ftg-1919 .tile .icon { font-size:12px; }#ftg-1919 .tile .icon { margin: -6px 0 0 -6px; }#ftg-1919 .tile .caption-block .text-wrapper span.text { font-size:12px; }#ftg-1919 .tile .caption-outside .text-wrapper span.text { font-size:12px; }#ftg-1919 .tile .caption-block .text-wrapper span.title { font-size:14px; }#ftg-1919 .tile .caption-outside .text-wrapper span.title { font-size:14px; }#ftg-1919 .tile { background-color: transparent; }#ftg-1919 .tile .caption-block .text-wrapper span.text { color: #ffffff; }#ftg-1919 .tile .caption-block .text-wrapper span.title { color: #ffffff; }#ftg-1919 .tile .caption-outside .text-wrapper span.text { color: #ffffff; }#ftg-1919 .tile .caption-outside .text-wrapper span.title { color: #ffffff; }#ftg-1919 .tile .ftg-social a { color: #ffffff; }#ftg-1919 .tile .caption-block { transition-duration:0.25s; }#ftg-1919 .tile .tile-inner:before { background-color: #000000; }#ftg-1919 .tile .tile-inner:before { background-color: rgba(0, 0, 0, 0.8); }#ftg-1919 .tile:hover img {-moz-transform: -moz-rotate(0deg) -moz-scale(0) ;-webkit-transform: -webkit-rotate(0deg) -webkit-scale(0) ;-o-transform: -o-rotate(0deg) -o-scale(0) ;-ms-transform: -ms-rotate(0deg) -ms-scale(0) ;transform: rotate(0deg) scale(0) ;}<\/style><a name=\"19\"><\/a><div class=\"final-tiles-gallery  ftg-hover-enabled caption-inside  caption-none caption-middle caption-center\" id=\"ftg-1919\" style=\"width: 100%\"><div class='ftg-items'><div class='loading-bar'><i><\/i><\/div><div  class='tile ftg-preload  '><a title=\"\" data-lightbox='ftg-1919' rel='ftg-1919'  class=' tile-inner  ftg-lightbox' href='https:\/\/hotelunicornis.hu\/web\/wp-content\/uploads\/2025\/01\/101a-retus-1024x1024.jpg' ><img alt='' class='item skip-lazy' data-class='item' data-ftg-source='https:\/\/hotelunicornis.hu\/web\/wp-content\/uploads\/2025\/01\/101a-retus-1024x1024.jpg' src='https:\/\/hotelunicornis.hu\/web\/wp-content\/uploads\/2025\/01\/101a-retus-1024x1024.jpg' width='1024' height='1024' \/><\/a><div class='ftg-social'><\/div><\/div><div  class='tile ftg-preload  '><a title=\"\" data-lightbox='ftg-1919' rel='ftg-1919'  class=' tile-inner  ftg-lightbox' href='https:\/\/hotelunicornis.hu\/web\/wp-content\/uploads\/2025\/01\/101b-retus-1024x1024.jpg' ><img alt='' class='item skip-lazy' data-class='item' data-ftg-source='https:\/\/hotelunicornis.hu\/web\/wp-content\/uploads\/2025\/01\/101b-retus-1024x1024.jpg' src='https:\/\/hotelunicornis.hu\/web\/wp-content\/uploads\/2025\/01\/101b-retus-1024x1024.jpg' width='1024' height='1024' \/><\/a><div class='ftg-social'><\/div><\/div><div  class='tile ftg-preload  '><a title=\"\" data-lightbox='ftg-1919' rel='ftg-1919'  class=' tile-inner  ftg-lightbox' href='https:\/\/hotelunicornis.hu\/web\/wp-content\/uploads\/2025\/01\/101c-retus-1024x1024.jpg' ><img alt='' class='item skip-lazy' data-class='item' data-ftg-source='https:\/\/hotelunicornis.hu\/web\/wp-content\/uploads\/2025\/01\/101c-retus-1024x1024.jpg' src='https:\/\/hotelunicornis.hu\/web\/wp-content\/uploads\/2025\/01\/101c-retus-1024x1024.jpg' width='1024' height='1024' \/><\/a><div class='ftg-social'><\/div><\/div><div  class='tile ftg-preload  '><a title=\"\" data-lightbox='ftg-1919' rel='ftg-1919'  class=' tile-inner  ftg-lightbox' href='https:\/\/hotelunicornis.hu\/web\/wp-content\/uploads\/2025\/01\/101d-retus-1024x1024.jpg' ><img alt='' class='item skip-lazy' data-class='item' data-ftg-source='https:\/\/hotelunicornis.hu\/web\/wp-content\/uploads\/2025\/01\/101d-retus-1024x1024.jpg' src='https:\/\/hotelunicornis.hu\/web\/wp-content\/uploads\/2025\/01\/101d-retus-1024x1024.jpg' width='1024' height='1024' \/><\/a><div class='ftg-social'><\/div><\/div><div  class='tile ftg-preload  '><a title=\"\" data-lightbox='ftg-1919' rel='ftg-1919'  class=' tile-inner  ftg-lightbox' href='https:\/\/hotelunicornis.hu\/web\/wp-content\/uploads\/2025\/01\/101e-1024x1024.jpg' ><img alt='' class='item skip-lazy' data-class='item' data-ftg-source='https:\/\/hotelunicornis.hu\/web\/wp-content\/uploads\/2025\/01\/101e-1024x1024.jpg' src='https:\/\/hotelunicornis.hu\/web\/wp-content\/uploads\/2025\/01\/101e-1024x1024.jpg' width='1024' height='1024' \/><\/a><div class='ftg-social'><\/div><\/div><div  class='tile ftg-preload  '><a title=\"\" data-lightbox='ftg-1919' rel='ftg-1919'  class=' tile-inner  ftg-lightbox' href='https:\/\/hotelunicornis.hu\/web\/wp-content\/uploads\/2025\/01\/101f-retus-986x1024.jpg' ><img alt='' class='item skip-lazy' data-class='item' data-ftg-source='https:\/\/hotelunicornis.hu\/web\/wp-content\/uploads\/2025\/01\/101f-retus-986x1024.jpg' src='https:\/\/hotelunicornis.hu\/web\/wp-content\/uploads\/2025\/01\/101f-retus-986x1024.jpg' width='986' height='1024' \/><\/a><div class='ftg-social'><\/div><\/div><div  class='tile ftg-preload  '><a title=\"\" data-lightbox='ftg-1919' rel='ftg-1919'  class=' tile-inner  ftg-lightbox' href='https:\/\/hotelunicornis.hu\/web\/wp-content\/uploads\/2025\/02\/Franciaagyas-furdo-1.jpg' ><img alt='' class='item skip-lazy' data-class='item' data-ftg-source='https:\/\/hotelunicornis.hu\/web\/wp-content\/uploads\/2025\/02\/Franciaagyas-furdo-1.jpg' src='https:\/\/hotelunicornis.hu\/web\/wp-content\/uploads\/2025\/02\/Franciaagyas-furdo-1.jpg' width='674' height='900' \/><\/a><div class='ftg-social'><\/div><\/div><\/div><\/div><\/h2><\/div><\/div><\/div><\/div><\/div><\/div><\/div><\/div><div class=\"vce-row-container\" data-vce-boxed-width=\"true\"><div class=\"vce-row vce-row--col-gap-30 vce-row-equal-height vce-row-content--top\" id=\"el-5d5f4ad5\" data-vce-do-apply=\"all el-5d5f4ad5\"><div class=\"vce-row-content\" data-vce-element-content=\"true\"><div class=\"vce-col vce-col--md-auto vce-col--xs-1 vce-col--xs-last vce-col--xs-first vce-col--sm-last vce-col--sm-first vce-col--md-last vce-col--lg-last vce-col--xl-last vce-col--md-first vce-col--lg-first vce-col--xl-first\" id=\"el-04116342\"><div class=\"vce-col-inner\" data-vce-do-apply=\"border margin background  el-04116342\"><div class=\"vce-col-content\" data-vce-element-content=\"true\" data-vce-do-apply=\"padding el-04116342\"><div class=\"vce-button--style-basic-container vce-button--style-basic-container--align-center\"><span class=\"vce-button--style-basic-wrapper vce\" id=\"el-ba500353\" data-vce-do-apply=\"margin el-ba500353\"><a class=\"vce-button vce-button--style-basic vce-button--style-basic--border-rounded vce-button--style-basic--size-medium vce-button--style-basic--color-b-53-83-128--fff\" href=\"https:\/\/book.hotelunicornis.hu\/foglalas\" title=\"\" data-vce-do-apply=\"padding border background  el-ba500353\">Lefoglalom!<\/a><\/span><\/div><\/div><\/div><\/div><\/div><\/div><\/div>\n","protected":false},"excerpt":{"rendered":"<p>apartman szoba&nbsp;Foglal\u00e1sStandard Plus Family 4 f\u0151s apartman 2 h\u00e1l\u00f3t\u00e9rrel&nbsp;Sz\u00e1llod\u00e1nk&nbsp; emelet\u00e9n tal\u00e1lhat\u00f3,Alapter\u00fclet&nbsp;(f\u00fcrd\u0151szob\u00e1val, el\u0151t\u00e9rrel egy\u00fctt) 55-60 m2, 3 l\u00e9gt\u00e9r,Ezek az apartmanok alkalmasak 5 f\u0151 elhelyez\u00e9s\u00e9re,:&nbsp; 1 db francia\u00e1gy, 2 db k\u00fcl\u00f6n\u00e1ll\u00f3 \u00e1gy \u00e9s 1 db kanap\u00e9\u00e1gy.\u00c1gy m\u00e9rete: 90*200 cm, 180*200 cm.&nbsp;A f\u00fcrd\u0151szob\u00e1kban zuhanyz\u00f3 tal\u00e1lhat\u00f3.Felszerelts\u00e9g:zuhanyz\u00f3,WC,hajsz\u00e1r\u00edt\u00f3,telefon,l\u00e9gkondicion\u00e1l\u00f3,m\u0171holdas LED t\u00e9v\u00e9,WI-FI,franciaerk\u00e9lyLefoglalom!<\/p>\n","protected":false},"author":4,"featured_media":0,"parent":0,"menu_order":0,"comment_status":"closed","ping_status":"closed","template":"","meta":{"site-sidebar-layout":"default","site-content-layout":"","ast-site-content-layout":"default","site-content-style":"default","site-sidebar-style":"default","ast-global-header-display":"","ast-banner-title-visibility":"","ast-main-header-display":"","ast-hfb-above-header-display":"","ast-hfb-below-header-display":"","ast-hfb-mobile-header-display":"","site-post-title":"","ast-breadcrumbs-content":"","ast-featured-img":"","footer-sml-layout":"","ast-disable-related-posts":"","theme-transparent-header-meta":"default","adv-header-id-meta":"","stick-header-meta":"","header-above-stick-meta":"","header-main-stick-meta":"","header-below-stick-meta":"","astra-migrate-meta-layouts":"set","ast-page-background-enabled":"default","ast-page-background-meta":{"desktop":{"background-color":"var(--ast-global-color-4)","background-image":"","background-repeat":"repeat","background-position":"center center","background-size":"auto","background-attachment":"scroll","background-type":"","background-media":"","overlay-type":"","overlay-color":"","overlay-opacity":"","overlay-gradient":""},"tablet":{"background-color":"","background-image":"","background-repeat":"repeat","background-position":"center center","background-size":"auto","background-attachment":"scroll","background-type":"","background-media":"","overlay-type":"","overlay-color":"","overlay-opacity":"","overlay-gradient":""},"mobile":{"background-color":"","background-image":"","background-repeat":"repeat","background-position":"center center","background-size":"auto","background-attachment":"scroll","background-type":"","background-media":"","overlay-type":"","overlay-color":"","overlay-opacity":"","overlay-gradient":""}},"ast-content-background-meta":{"desktop":{"background-color":"var(--ast-global-color-5)","background-image":"","background-repeat":"repeat","background-position":"center center","background-size":"auto","background-attachment":"scroll","background-type":"","background-media":"","overlay-type":"","overlay-color":"","overlay-opacity":"","overlay-gradient":""},"tablet":{"background-color":"var(--ast-global-color-5)","background-image":"","background-repeat":"repeat","background-position":"center center","background-size":"auto","background-attachment":"scroll","background-type":"","background-media":"","overlay-type":"","overlay-color":"","overlay-opacity":"","overlay-gradient":""},"mobile":{"background-color":"var(--ast-global-color-5)","background-image":"","background-repeat":"repeat","background-position":"center center","background-size":"auto","background-attachment":"scroll","background-type":"","background-media":"","overlay-type":"","overlay-color":"","overlay-opacity":"","overlay-gradient":""}},"footnotes":""},"class_list":["post-2344","page","type-page","status-publish","hentry"],"_links":{"self":[{"href":"https:\/\/hotelunicornis.hu\/web\/wp-json\/wp\/v2\/pages\/2344","targetHints":{"allow":["GET"]}}],"collection":[{"href":"https:\/\/hotelunicornis.hu\/web\/wp-json\/wp\/v2\/pages"}],"about":[{"href":"https:\/\/hotelunicornis.hu\/web\/wp-json\/wp\/v2\/types\/page"}],"author":[{"embeddable":true,"href":"https:\/\/hotelunicornis.hu\/web\/wp-json\/wp\/v2\/users\/4"}],"replies":[{"embeddable":true,"href":"https:\/\/hotelunicornis.hu\/web\/wp-json\/wp\/v2\/comments?post=2344"}],"version-history":[{"count":14,"href":"https:\/\/hotelunicornis.hu\/web\/wp-json\/wp\/v2\/pages\/2344\/revisions"}],"predecessor-version":[{"id":4085,"href":"https:\/\/hotelunicornis.hu\/web\/wp-json\/wp\/v2\/pages\/2344\/revisions\/4085"}],"wp:attachment":[{"href":"https:\/\/hotelunicornis.hu\/web\/wp-json\/wp\/v2\/media?parent=2344"}],"curies":[{"name":"wp","href":"https:\/\/api.w.org\/{rel}","templated":true}]}}