{"id":2656,"date":"2023-09-07T12:30:10","date_gmt":"2023-09-07T10:30:10","guid":{"rendered":"https:\/\/hotelunicornis.hu\/web\/?page_id=2656"},"modified":"2026-03-08T23:29:37","modified_gmt":"2026-03-08T22:29:37","slug":"arak-felarak","status":"publish","type":"page","link":"https:\/\/hotelunicornis.hu\/web\/arak-felarak\/","title":{"rendered":"\u00c1rak, fel\u00e1rak"},"content":{"rendered":"<div class=\"vce-row-container\" data-vce-boxed-width=\"true\"><div class=\"vce-row vce-row--col-gap-30 vce-row-equal-height vce-row-content--top\" id=\"el-bb20e267\" data-vce-do-apply=\"all el-bb20e267\"><div class=\"vce-row-content\" data-vce-element-content=\"true\"><div class=\"vce-col vce-col--md-auto vce-col--xs-1 vce-col--xs-last vce-col--xs-first vce-col--sm-last vce-col--sm-first vce-col--md-last vce-col--lg-last vce-col--xl-last vce-col--md-first vce-col--lg-first vce-col--xl-first\" id=\"el-516abc14\"><div class=\"vce-col-inner\" data-vce-do-apply=\"border margin background  el-516abc14\"><div class=\"vce-col-content\" data-vce-element-content=\"true\" data-vce-do-apply=\"padding el-516abc14\"><div class=\"vce-text-block\"><div class=\"vce-text-block-wrapper vce\" id=\"el-72f63084\" data-vce-do-apply=\"all el-72f63084\"><h1 style=\"text-align: center;\"><span style=\"font-family: 'Abhaya Libre';\">\u00c1raink 2025 janu\u00e1r 1-t\u0151l<\/span><\/h1><p style=\"text-align: center;\"><span style=\"font-size: 18pt;\"><strong><span style=\"font-family: 'Abhaya Libre';\">Szoba\u00e1raink m\u00e1r 13.000.- Ft \/ \u00e9j\/ f\u0151-t\u0151l, mely<\/span><\/strong><\/span><strong><span style=\"font-family: 'Abhaya Libre'; font-size: 16pt;\"> tartalmazza a sv\u00e9dasztalos reggelit! <\/span><\/strong><\/p><h2><span style=\"font-family: 'Abhaya Libre'; font-size: 24pt;\">Alapszolg\u00e1ltat\u00e1saink:<\/span><\/h2><ul><li style=\"font-weight: 400;\"><span style=\"font-family: 'Abhaya Libre'; font-size: 16pt;\">\u00e9rt\u00e9kmeg\u0151rz\u00e9s a recepci\u00f3n tal\u00e1lhat\u00f3 k\u00f6zponti sz\u00e9fben<\/span><\/li><li style=\"font-weight: 400;\"><span style=\"font-family: 'Abhaya Libre'; font-size: 16pt;\">szobasz\u00e9f (standard szob\u00e1k eset\u00e9n)<\/span><\/li><li style=\"font-weight: 400;\"><span style=\"font-family: 'Abhaya Libre'; font-size: 16pt;\">szob\u00e1nk\u00e9nti, egyedileg szab\u00e1lyozhat\u00f3 l\u00e9gkondicion\u00e1l\u00e1s<\/span><\/li><li style=\"font-weight: 400;\"><span style=\"font-family: 'Abhaya Libre'; font-size: 16pt;\">v\u00edzforral\u00f3 bek\u00e9sz\u00edt\u00e9s<\/span><\/li><li style=\"font-weight: 400;\"><span style=\"font-family: 'Abhaya Libre'; font-size: 16pt;\">mini-h\u0171t\u0151szekr\u00e9ny a szob\u00e1ban (bek\u00e9sz\u00edtett italok n\u00e9lk\u00fcl)<\/span><\/li><li style=\"font-weight: 400;\"><span style=\"font-family: 'Abhaya Libre'; font-size: 16pt;\">t\u00f6r\u00f6lk\u00f6z\u0151 \u00e9s hajsz\u00e1r\u00edt\u00f3 bek\u00e9sz\u00edt\u00e9s a szob\u00e1ba<\/span><\/li><li style=\"font-weight: 400;\"><span style=\"font-family: 'Abhaya Libre'; font-size: 16pt;\">sz\u00e9les csatornav\u00e1laszt\u00e9k\u00fa k\u00e1beltelev\u00edzi\u00f3<\/span><\/li><li style=\"font-weight: 400;\"><span style=\"font-family: 'Abhaya Libre'; font-size: 16pt;\">korl\u00e1tlan vezet\u00e9k n\u00e9lk\u00fcli internet hozz\u00e1f\u00e9r\u00e9s a hotel teljes ter\u00fclet\u00e9n<br><\/span><br><em>Sz\u00e1llod\u00e1nkban el\u00e9rhet\u0151 az el\u0151zetes, nem helysz\u00ednen t\u00f6rt\u00e9n\u0151 bejelentkez\u00e9s lehet\u0151s\u00e9ge (self-check-in). Az err\u0151l sz\u00f3l\u00f3 inform\u00e1ci\u00f3k a leend\u0151 \u00e9rkez\u00e9s el\u0151tti napokban email-ben \u00e9rkeznek meg Vend\u00e9geinkhez.<\/em><\/li><\/ul><p style=\"text-align: center;\"><span style=\"font-family: 'Abhaya Libre'; font-size: 16pt;\">Minimum 2 \u00e9jszak\u00e1s foglal\u00e1s eset\u00e9n <strong>aj\u00e1nd\u00e9k f\u00fcrd\u0151bel\u00e9p\u0151t is biztos\u00edtunk a demj\u00e9ni Term\u00e1lt\u00f3 F\u00fcrd\u0151be!<\/strong><\/span><\/p><h2><span style=\"font-family: 'Abhaya Libre'; font-size: 24pt;\">Akad\u00e1lymentes\u00edtetts\u00e9g:<\/span><\/h2><p><span style=\"font-family: 'Abhaya Libre'; font-size: 16pt;\">Sz\u00e1llod\u00e1n bej\u00e1rat\u00e1nak jobb oldal\u00e1n tal\u00e1lhat\u00f3 r\u00e1mpa seg\u00edti a k\u00e9nyelmes, kerekessz\u00e9kkel t\u00f6rt\u00e9n\u0151 megk\u00f6zel\u00edt\u00e9st.&nbsp; &nbsp;<br>Sz\u00e1llod\u00e1nk eg\u00e9sz ter\u00fclet\u00e9n biztos\u00edtott az akad\u00e1lymentes k\u00f6zleked\u00e9s lehet\u0151s\u00e9ge.<\/span><\/p><h2><span style=\"font-family: 'Abhaya Libre'; font-size: 24pt;\">Ker\u00e9kp\u00e1rok t\u00e1rol\u00e1sa, b\u00e9rl\u00e9se:<\/span><\/h2><p><span style=\"font-family: 'Abhaya Libre'; font-size: 16pt;\">Sz\u00e1llod\u00e1n el\u0151tt a ker\u00e9kp\u00e1rok biztons\u00e1gos t\u00e1rol\u00e1sa t\u00e9r\u00edt\u00e9smentesen lehets\u00e9ges.<br>Sz\u00e1ll\u00f3vend\u00e9geink r\u00e9sz\u00e9re <em>kapacit\u00e1sunk erej\u00e9ig<\/em> <strong>t\u00e9r\u00edt\u00e9smentes<\/strong> ker\u00e9kp\u00e1r-k\u00f6lcs\u00f6nz\u00e9si lehet\u0151s\u00e9get biztos\u00edtunk!<\/span><\/p><p>&nbsp;<\/p><p>&nbsp;<\/p><p>&nbsp;<\/p><p style=\"text-align: center;\"><em><span style=\"font-family: 'Abhaya Libre'; font-size: 16pt;\">R\u00e9szletes \u00e1rak szoba t\u00edpusokra \u00e9s l\u00e9tsz\u00e1mra lebontva foglal\u00e1si oldalunkon tal\u00e1lhat\u00f3:<\/span><\/em><\/p><\/div><\/div><\/div><\/div><\/div><\/div><\/div><\/div><div class=\"vce-row-container\" data-vce-boxed-width=\"true\"><div class=\"vce-row vce-row--col-gap-30 vce-row-equal-height vce-row-content--top\" id=\"el-b5913c6a\" data-vce-do-apply=\"all el-b5913c6a\"><div class=\"vce-row-content\" data-vce-element-content=\"true\"><div class=\"vce-col vce-col--md-auto vce-col--xs-1 vce-col--xs-last vce-col--xs-first vce-col--sm-last vce-col--sm-first vce-col--md-last vce-col--lg-last vce-col--xl-last vce-col--md-first vce-col--lg-first vce-col--xl-first\" id=\"el-12c4535d\"><div class=\"vce-col-inner\" data-vce-do-apply=\"border margin background  el-12c4535d\"><div class=\"vce-col-content\" data-vce-element-content=\"true\" data-vce-do-apply=\"padding el-12c4535d\"><div class=\"vce-button--style-basic-container vce-button--style-basic-container--align-center\"><span class=\"vce-button--style-basic-wrapper vce\" id=\"el-1e405eea\" data-vce-do-apply=\"margin el-1e405eea\"><a class=\"vce-button vce-button--style-basic vce-button--style-basic--border-rounded vce-button--style-basic--size-medium vce-button--style-basic--color-b-53-83-128--fff\" href=\"https:\/\/book.hotelunicornis.hu\/foglalas\" title=\"\" data-vce-do-apply=\"padding border background  el-1e405eea\">Foglal\u00e1si oldal<\/a><\/span><\/div><\/div><\/div><\/div><\/div><\/div><\/div><div class=\"vce-row-container\" data-vce-boxed-width=\"true\"><div class=\"vce-row vce-row--col-gap-30 vce-row-equal-height vce-row-content--top\" id=\"el-07a1f065\" data-vce-do-apply=\"all el-07a1f065\"><div class=\"vce-row-content\" data-vce-element-content=\"true\"><div class=\"vce-col vce-col--md-auto vce-col--xs-1 vce-col--xs-last vce-col--xs-first vce-col--sm-last vce-col--sm-first vce-col--md-last vce-col--lg-last vce-col--xl-last vce-col--md-first vce-col--lg-first vce-col--xl-first\" id=\"el-ce58ea0a\"><div class=\"vce-col-inner\" data-vce-do-apply=\"border margin background  el-ce58ea0a\"><div class=\"vce-col-content\" data-vce-element-content=\"true\" data-vce-do-apply=\"padding el-ce58ea0a\"><div class=\"vce-text-block\"><div class=\"vce-text-block-wrapper vce\" id=\"el-8b6d7107\" data-vce-do-apply=\"all el-8b6d7107\"><h2><span style=\"font-family: 'Abhaya Libre'; font-size: 24pt;\">Fel\u00e1rak - <em>utaz\u00e1si csomagok eset\u00e9n<\/em> :<\/span><\/h2><ul><li><span style=\"font-family: 'Abhaya Libre'; font-size: 16pt;\">Egy\u00e1gyas fel\u00e1r&nbsp;(k\u00e9t\u00e1gyas szob\u00e1ban t\u00f6rt\u00e9n\u0151 elhelyez\u00e9s eset\u00e9n):+ 10.000.- HUF\/f\u0151<\/span><\/li><li><span style=\"font-family: 'Abhaya Libre'; font-size: 16pt;\">Standard h\u00e1rom\u00e1gyas szoba fel\u00e1r&nbsp;(k\u00e9t szem\u00e9ly elhelyez\u00e9se eset\u00e9n): + 5.000.- HUF\/csomag<\/span><\/li><li><span style=\"font-family: 'Abhaya Libre'; font-size: 16pt;\">Standard n\u00e9gy\u00e1gyas szoba fel\u00e1r&nbsp;(k\u00e9t szem\u00e9ly elhelyez\u00e9se eset\u00e9n): + 8.000.- HUF\/csomag<\/span><\/li><li style=\"font-size: 16px; font-weight: 400;\"><span style=\"font-family: 'Abhaya Libre'; font-size: 16pt;\">H\u00e9tv\u00e9gi fel\u00e1r: 15.000.- HUF\/utalv\u00e1ny (p\u00e9ntek \u00e9s\/vagy szombat \u00e9jszaka)<\/span><\/li><li style=\"font-size: 16px; font-weight: 400;\"><span style=\"font-family: 'Abhaya Libre'; font-size: 16pt;\">\u00dcnnepi fel\u00e1r (\u00e1llamilag elismert \u00fcnnepek, kiemelt id\u0151szakok): 20.000.- HUF\/utalv\u00e1ny<\/span><br><span style=\"font-family: 'Abhaya Libre'; font-size: 16pt;\">(amennyiben az id\u0151szak minimum \u00e9jszak\u00e1hoz van k\u00f6tve, a plusz \u00e9jszaka megrendel\u00e9se k\u00f6telez\u0151)<\/span><\/li><li style=\"font-size: 16px; font-weight: 400;\"><span style=\"font-family: 'Abhaya Libre'; font-size: 16pt;\"><span style=\"font-weight: bold;\">Szezon fel\u00e1r (2025.06.01.-08.25.):<\/span>&nbsp;20.000,- HUF \/ utalv\u00e1ny<\/span><\/li><\/ul><h2><span style=\"font-family: 'Abhaya Libre'; font-size: 24pt;\">Gyermek fel\u00e1rak - <em>utaz\u00e1si csomagok eset\u00e9n<\/em> <em>(csomagonk\u00e9nt elt\u00e9r\u0151)<\/em>:<\/span><\/h2><ul><li style=\"font-style: inherit; font-weight: inherit;\"><span style=\"font-family: 'Abhaya Libre'; font-size: 16pt;\">0-3,99 \u00e9v k\u00f6z\u00f6tt: a sz\u00e1ll\u00e1s ingyenes<\/span><\/li><li style=\"font-style: inherit; font-weight: inherit;\"><span style=\"font-family: 'Abhaya Libre'; font-size: 16pt;\">f\u00e9lpanzi\u00f3s ell\u00e1t\u00e1s 0-3,99 \u00e9v k\u00f6z\u00f6tt 5.499,- HUF\/f\u0151\/\u00e9j-t\u0151l<\/span><\/li><li style=\"font-style: inherit; font-weight: inherit;\"><span style=\"font-family: 'Abhaya Libre'; font-size: 16pt;\">4-9,99 \u00e9v k\u00f6z\u00f6tt: 8.499,- HUF\/f\u0151\/\u00e9j-t\u0151l<\/span><\/li><li style=\"font-style: inherit; font-weight: inherit;\"><span style=\"font-family: 'Abhaya Libre'; font-size: 16pt;\">10 \u00e9ves kort\u00f3l: 11.500,- HUF\/f\u0151\/\u00e9j-t\u0151l<\/span><\/li><\/ul><h2><span style=\"font-family: 'Abhaya Libre'; font-size: 24pt;\">Korai \u00e9rkez\u00e9s:<\/span><\/h2><p><span style=\"font-family: 'Abhaya Libre'; font-size: 16pt;\">- A szoba 07:00 \u00f3ra el\u0151tti elfoglal\u00e1sa eset\u00e9n az el\u0151z\u0151 \u00e9jszak\u00e1ra vonatkoz\u00f3 teljes szoba\u00e1r fizetend\u0151.<\/span><br><span style=\"font-family: 'Abhaya Libre'; font-size: 16pt;\">- A szoba 07:00 - 10:00 \u00f3ra k\u00f6z\u00f6tt t\u00f6rt\u00e9n\u0151 elfoglal\u00e1sa eset\u00e9n 10.000,- HUF\/ szoba fel\u00e1r fizetend\u0151.<\/span><br><span style=\"font-family: 'Abhaya Libre'; font-size: 16pt;\">- A szoba 10:00 - 13:00 \u00f3ra k\u00f6z\u00f6tt t\u00f6rt\u00e9n\u0151 elfoglal\u00e1sa eset\u00e9n 5.000 ,- HUF\/ szoba fel\u00e1r fizetend\u0151.<\/span><\/p><h2><span style=\"font-family: 'Abhaya Libre'; font-size: 24pt;\">K\u00e9s\u0151i elutaz\u00e1s<\/span><\/h2><p><span style=\"font-family: 'Abhaya Libre'; font-size: 16pt;\">- A szoba elhagy\u00e1sa az elutaz\u00e1s napj\u00e1n 15:00 \u00f3r\u00e1ig (\u00e9tkez\u00e9st nem tartalmaz) 10.000,- HUF\/ szoba fel\u00e1r fizetend\u0151.<\/span><br><span style=\"font-family: 'Abhaya Libre'; font-size: 16pt;\">- A szoba elhagy\u00e1sa az elutaz\u00e1s napj\u00e1n 18:00 \u00f3r\u00e1ig (\u00e9tkez\u00e9st nem tartalmaz) 15.000,- HUF \/ szoba fel\u00e1r fizetend\u0151.<\/span><\/p><h2><span style=\"font-family: 'Abhaya Libre'; font-size: 24pt;\">Csoportok \u00e9rkez\u00e9se:<\/span><\/h2><p><span style=\"font-family: 'Abhaya Libre'; font-size: 16pt;\">- A csoportok egy\u00fcttes \u00e9rkez\u00e9se a sz\u00e1llod\u00e1nk f\u0151bej\u00e1rat\u00e1n kereszt\u00fcl biztos\u00edtott. Szob\u00e1ink az \u00e9rkez\u00e9s napj\u00e1n 14:00-t\u0151l a t\u00e1voz\u00e1s napj\u00e1n 10:00-ig \u00e1llnak a Vend\u00e9geink rendelkez\u00e9s\u00e9re.<\/span><br><span style=\"font-family: 'Abhaya Libre'; font-size: 16pt;\">- A csoportok r\u00e9sz\u00e9re kijel\u00f6lt lesz\u00e1ll\u00f3hely nem \u00e1ll rendelkez\u00e9sre. Az esetleges aut\u00f3busz-parkol\u00e1si ig\u00e9ny\u00e9t el\u0151zetes egyeztet\u00e9st k\u00f6vet\u0151en, el\u00e9rhet\u0151 kapacit\u00e1sunk f\u00fcggv\u00e9ny\u00e9ben tudjuk biztos\u00edtani sz\u00e1llod\u00e1nk bej\u00e1rata el\u0151tt.&nbsp; &nbsp;<\/span><\/p><h2><span style=\"font-family: 'Abhaya Libre'; font-size: 24pt;\">H\u00e1zi kedvenc: <\/span><\/h2><p><span style=\"font-family: 'Abhaya Libre'; font-size: 16pt;\">5.000 Ft\/ h\u00e1zi kedvenc\/ \u00e9j<\/span><\/p><h3><span style=\"font-family: 'Abhaya Libre'; font-size: 24pt;\">\u00c9tkez\u00e9s:<\/span><\/h3><p><span style=\"font-family: 'Abhaya Libre'; font-size: 16pt;\">Minden este sv\u00e9dasztalos vacsora: korl\u00e1tlan fogyaszt\u00e1s, 1,5 \u00f3ra id\u0151tartamban (italfogyaszt\u00e1s n\u00e9lk\u00fcl)!<\/span><\/p><p><span style=\"font-family: 'Abhaya Libre'; font-size: 16pt;\">Sz\u00e1ll\u00f3vend\u00e9geinknek, kuponkedvezm\u00e9nnyel: 6.000,-\/f\u0151 fix \u00e1ron<\/span><\/p><p><span style=\"font-family: 'Abhaya Libre'; font-size: 16pt;\">K\u00fcls\u0151s vend\u00e9geknek: 6.500.-\/ f\u0151 fix \u00e1ron<\/span><\/p><h3><span style=\"font-family: 'Abhaya Libre'; font-size: 24pt;\"><strong>Parkol\u00e1s:<\/strong><\/span><\/h3><p><span style=\"font-family: 'Abhaya Libre'; font-size: 16pt;\">Az \u00e1r nem tartalmazza a parkol\u00e1s d\u00edj\u00e1t!<\/span><br><span style=\"font-family: 'Abhaya Libre'; font-size: 16pt;\">Ez minden esetben a helysz\u00ednen fizetend\u0151: 2.500.- HUF \/szem\u00e9lyg\u00e9pj\u00e1rm\u0171, illetve 8.000,- HUF \/aut\u00f3busz \/ \u00e9j. <\/span><\/p><p><span style=\"font-family: 'Abhaya Libre'; font-size: 16pt;\">Sz\u00e1llod\u00e1nk 30 parkol\u00f3hellyel rendelkezik, melyeket Vend\u00e9geink ig\u00e9ny szerint, \u00e9rkez\u00e9si sorrendben tudj\u00e1k ig\u00e9nybe venni - <em>ez\u00e9t el\u0151zetes foglal\u00e1s erre vonatkoz\u00f3an nem lehet\u00e9sges.<\/em> <br>Parkol\u00f3helyet garant\u00e1lni nem tudunk, de az esetleges helyhi\u00e1ny eset\u00e9n a sz\u00e1llod\u00e1nkt\u00f3l 10 m\u00e9terre nyilv\u00e1nos parkol\u00f3 tal\u00e1lhat\u00f3. <\/span><\/p><p><span style=\"font-family: 'Abhaya Libre'; font-size: 16pt;\">A mozg\u00e1skorl\u00e1tozott igazolv\u00e1nyhoz tartoz\u00f3 d\u00edjmentess\u00e9get a nyilv\u00e1nos parkol\u00f3ban tudj\u00e1k ig\u00e9nybe venni, n\u00e1lunk nem mentes\u00edt a fizet\u00e9s al\u00f3l.<\/span><span style=\"font-family: 'Abhaya Libre'; font-size: 16pt;\">&nbsp;<\/span><\/p><h3><span style=\"font-family: 'Abhaya Libre'; font-size: 24pt;\">F\u00fcrd\u0151bel\u00e9p\u0151 :<\/span><\/h3><p><span style=\"font-family: 'Abhaya Libre'; font-size: 16pt;\">Minimum 2 \u00e9jszak\u00e1s foglal\u00e1s eset\u00e9n az aj\u00e1nd\u00e9k f\u00fcrd\u0151bel\u00e9p\u0151 a demj\u00e9ni Term\u00e1lt\u00f3 F\u00fcrd\u0151be ingyenes.<\/span><\/p><\/div><\/div><\/div><\/div><\/div><\/div><\/div><\/div><div class=\"vce-row-container\" data-vce-boxed-width=\"true\"><div class=\"vce-row vce-row--col-gap-30 vce-row-equal-height vce-row-content--top\" id=\"el-28b169df\" data-vce-do-apply=\"all el-28b169df\"><div class=\"vce-row-content\" data-vce-element-content=\"true\"><div class=\"vce-col vce-col--md-auto vce-col--xs-1 vce-col--xs-last vce-col--xs-first vce-col--sm-last vce-col--sm-first vce-col--md-last vce-col--lg-last vce-col--xl-last vce-col--md-first vce-col--lg-first vce-col--xl-first\" id=\"el-8fa6add1\"><div class=\"vce-col-inner\" data-vce-do-apply=\"border margin background  el-8fa6add1\"><div class=\"vce-col-content\" data-vce-element-content=\"true\" data-vce-do-apply=\"padding el-8fa6add1\"><div class=\"vce-button--style-basic-container vce-button--style-basic-container--align-center\"><span class=\"vce-button--style-basic-wrapper vce\" id=\"el-f730c9af\" data-vce-do-apply=\"margin el-f730c9af\"><a class=\"vce-button vce-button--style-basic vce-button--style-basic--border-rounded vce-button--style-basic--size-medium vce-button--style-basic--color-b-53-83-128--fff\" href=\"https:\/\/hotelunicornis.hu\/web\/wp-content\/uploads\/2025\/01\/Unicornis-Hazirend.pdf\" title=\"\" data-vce-do-apply=\"padding border background  el-f730c9af\">R\u00e9szletes H\u00e1zirend<\/a><\/span><\/div><\/div><\/div><\/div><\/div><\/div><\/div>\n","protected":false},"excerpt":{"rendered":"<p>\u00c1raink 2025 janu\u00e1r 1-t\u0151lSzoba\u00e1raink m\u00e1r 13.000.- Ft \/ \u00e9j\/ f\u0151-t\u0151l, mely tartalmazza a sv\u00e9dasztalos reggelit! Alapszolg\u00e1ltat\u00e1saink:\u00e9rt\u00e9kmeg\u0151rz\u00e9s a recepci\u00f3n tal\u00e1lhat\u00f3 k\u00f6zponti sz\u00e9fbenszobasz\u00e9f (standard szob\u00e1k eset\u00e9n)szob\u00e1nk\u00e9nti, egyedileg szab\u00e1lyozhat\u00f3 l\u00e9gkondicion\u00e1l\u00e1sv\u00edzforral\u00f3 bek\u00e9sz\u00edt\u00e9smini-h\u0171t\u0151szekr\u00e9ny a szob\u00e1ban (bek\u00e9sz\u00edtett italok n\u00e9lk\u00fcl)t\u00f6r\u00f6lk\u00f6z\u0151 \u00e9s hajsz\u00e1r\u00edt\u00f3 bek\u00e9sz\u00edt\u00e9s a szob\u00e1basz\u00e9les csatornav\u00e1laszt\u00e9k\u00fa k\u00e1beltelev\u00edzi\u00f3korl\u00e1tlan vezet\u00e9k n\u00e9lk\u00fcli internet hozz\u00e1f\u00e9r\u00e9s a hotel teljes ter\u00fclet\u00e9nSz\u00e1llod\u00e1nkban el\u00e9rhet\u0151 az el\u0151zetes, nem helysz\u00ednen t\u00f6rt\u00e9n\u0151 bejelentkez\u00e9s [&hellip;]<\/p>\n","protected":false},"author":4,"featured_media":0,"parent":0,"menu_order":0,"comment_status":"closed","ping_status":"closed","template":"","meta":{"site-sidebar-layout":"default","site-content-layout":"","ast-site-content-layout":"default","site-content-style":"default","site-sidebar-style":"default","ast-global-header-display":"","ast-banner-title-visibility":"","ast-main-header-display":"","ast-hfb-above-header-display":"","ast-hfb-below-header-display":"","ast-hfb-mobile-header-display":"","site-post-title":"","ast-breadcrumbs-content":"","ast-featured-img":"","footer-sml-layout":"","ast-disable-related-posts":"","theme-transparent-header-meta":"","adv-header-id-meta":"","stick-header-meta":"","header-above-stick-meta":"","header-main-stick-meta":"","header-below-stick-meta":"","astra-migrate-meta-layouts":"set","ast-page-background-enabled":"default","ast-page-background-meta":{"desktop":{"background-color":"var(--ast-global-color-4)","background-image":"","background-repeat":"repeat","background-position":"center center","background-size":"auto","background-attachment":"scroll","background-type":"","background-media":"","overlay-type":"","overlay-color":"","overlay-opacity":"","overlay-gradient":""},"tablet":{"background-color":"","background-image":"","background-repeat":"repeat","background-position":"center center","background-size":"auto","background-attachment":"scroll","background-type":"","background-media":"","overlay-type":"","overlay-color":"","overlay-opacity":"","overlay-gradient":""},"mobile":{"background-color":"","background-image":"","background-repeat":"repeat","background-position":"center center","background-size":"auto","background-attachment":"scroll","background-type":"","background-media":"","overlay-type":"","overlay-color":"","overlay-opacity":"","overlay-gradient":""}},"ast-content-background-meta":{"desktop":{"background-color":"var(--ast-global-color-5)","background-image":"","background-repeat":"repeat","background-position":"center center","background-size":"auto","background-attachment":"scroll","background-type":"","background-media":"","overlay-type":"","overlay-color":"","overlay-opacity":"","overlay-gradient":""},"tablet":{"background-color":"var(--ast-global-color-5)","background-image":"","background-repeat":"repeat","background-position":"center center","background-size":"auto","background-attachment":"scroll","background-type":"","background-media":"","overlay-type":"","overlay-color":"","overlay-opacity":"","overlay-gradient":""},"mobile":{"background-color":"var(--ast-global-color-5)","background-image":"","background-repeat":"repeat","background-position":"center center","background-size":"auto","background-attachment":"scroll","background-type":"","background-media":"","overlay-type":"","overlay-color":"","overlay-opacity":"","overlay-gradient":""}},"footnotes":""},"class_list":["post-2656","page","type-page","status-publish","hentry"],"_links":{"self":[{"href":"https:\/\/hotelunicornis.hu\/web\/wp-json\/wp\/v2\/pages\/2656","targetHints":{"allow":["GET"]}}],"collection":[{"href":"https:\/\/hotelunicornis.hu\/web\/wp-json\/wp\/v2\/pages"}],"about":[{"href":"https:\/\/hotelunicornis.hu\/web\/wp-json\/wp\/v2\/types\/page"}],"author":[{"embeddable":true,"href":"https:\/\/hotelunicornis.hu\/web\/wp-json\/wp\/v2\/users\/4"}],"replies":[{"embeddable":true,"href":"https:\/\/hotelunicornis.hu\/web\/wp-json\/wp\/v2\/comments?post=2656"}],"version-history":[{"count":32,"href":"https:\/\/hotelunicornis.hu\/web\/wp-json\/wp\/v2\/pages\/2656\/revisions"}],"predecessor-version":[{"id":4090,"href":"https:\/\/hotelunicornis.hu\/web\/wp-json\/wp\/v2\/pages\/2656\/revisions\/4090"}],"wp:attachment":[{"href":"https:\/\/hotelunicornis.hu\/web\/wp-json\/wp\/v2\/media?parent=2656"}],"curies":[{"name":"wp","href":"https:\/\/api.w.org\/{rel}","templated":true}]}}