{"id":3786,"date":"2025-09-06T11:23:49","date_gmt":"2025-09-06T09:23:49","guid":{"rendered":"https:\/\/hotelunicornis.hu\/web\/?page_id=3786"},"modified":"2025-09-06T12:10:39","modified_gmt":"2025-09-06T10:10:39","slug":"eger-advent","status":"publish","type":"page","link":"https:\/\/hotelunicornis.hu\/web\/eger-advent\/","title":{"rendered":"\u201eEgri Advent\u201d csomag"},"content":{"rendered":"<div class=\"vce-row-container\" data-vce-boxed-width=\"true\"><div class=\"vce-row vce-row--col-gap-30 vce-row-equal-height vce-row-content--top\" id=\"el-1f3d91c7\" data-vce-do-apply=\"all el-1f3d91c7\"><div class=\"vce-row-content\" data-vce-element-content=\"true\"><div class=\"vce-col vce-col--md-auto vce-col--xs-1 vce-col--xs-last vce-col--xs-first vce-col--sm-last vce-col--sm-first vce-col--md-last vce-col--lg-last vce-col--xl-last vce-col--md-first vce-col--lg-first vce-col--xl-first\" id=\"el-27d449d9\"><div class=\"vce-col-inner\" data-vce-do-apply=\"border margin background  el-27d449d9\"><div class=\"vce-col-content\" data-vce-element-content=\"true\" data-vce-do-apply=\"padding el-27d449d9\"><section class=\"vce-hero-section-container vce-hero-section-media--xs vce-hero-section-media--sm vce-hero-section-media--md vce-hero-section-media--lg\"><div style='background-image:inherit;'  class=\"vce vce-hero-section lazyload\" id=\"el-0e8ad74d\" data-vce-background-image-all=\"https:\/\/hotelunicornis.hu\/web\/wp-content\/uploads\/2023\/11\/314340105_1518677525260235_7464529942673704033_n.jpeg\" data-vce-background-image=\"all\"  data-vce-do-apply=\"margin background border  el-0e8ad74d\" data-vce-animate=\"vce-o-animate--fadeInUp\" data-bg-image=\"url(&quot;https:\/\/hotelunicornis.hu\/web\/wp-content\/uploads\/2023\/11\/314340105_1518677525260235_7464529942673704033_n.jpeg&quot;)\"><div class=\"vce-hero-section--wrap-row\"><div class=\"vce-hero-section--wrap\"><div class=\"vce-hero-section--content\" data-vce-do-apply=\"padding el-0e8ad74d\"><div class=\"vce-hero-section--content-container\"><h1><span style=\"font-family: Cinzel; font-size: 36pt; color: #ffffff;\"><strong>\u201cEger advent\u201d csomagaj\u00e1nl\u00f3<\/strong>&nbsp;&nbsp;<\/span><span style=\"font-family: Cinzel; font-size: 36pt; color: #ffffff;\">59.990. HUF \/ 2f\u0151 2 \u00e9j<\/span><\/h1><\/div><div class=\"vce-button--style-basic-container vce-button--style-basic-container--align-center\"><span class=\"vce-button--style-basic-wrapper vce\" id=\"el-f7392f3d\" data-vce-do-apply=\"margin el-f7392f3d\"><a class=\"vce-button vce-button--style-basic vce-button--style-basic--border-rounded vce-button--style-basic--size-medium vce-button--style-basic--color-b-53-83-128--fff\" href=\"https:\/\/hotelunicornis.hu\/web\/termek\/eger-advent-ajandekutalvany\/\" title=\"\" data-vce-do-apply=\"padding border background  el-f7392f3d\">Utalv\u00e1ny v\u00e1s\u00e1rl\u00e1s<\/a><\/span><\/div><\/div><\/div><\/div><\/div><\/section><\/div><\/div><\/div><\/div><\/div><\/div><div class=\"vce-row-container\" data-vce-boxed-width=\"true\"><div class=\"vce-row vce-row--col-gap-30 vce-row-equal-height vce-row-content--top\" id=\"el-11249af6\" data-vce-do-apply=\"all el-11249af6\"><div class=\"vce-row-content\" data-vce-element-content=\"true\"><div class=\"vce-col vce-col--md-auto vce-col--xs-1 vce-col--xs-last vce-col--xs-first vce-col--sm-last vce-col--sm-first vce-col--md-last vce-col--lg-last vce-col--xl-last vce-col--md-first vce-col--lg-first vce-col--xl-first\" id=\"el-ff0e9f5a\"><div class=\"vce-col-inner\" data-vce-do-apply=\"border margin background  el-ff0e9f5a\"><div class=\"vce-col-content\" data-vce-element-content=\"true\" data-vce-do-apply=\"padding el-ff0e9f5a\"><div class=\"vce-text-block\"><div class=\"vce-text-block-wrapper vce\" id=\"el-7a9329d5\" data-vce-do-apply=\"all el-7a9329d5\"><h2 style=\"text-align: center;\"><span style=\"font-family: Cinzel; font-size: 24pt;\">\u201ceger advent\u201d csomag&nbsp;&nbsp;<\/span><\/h2><h2 style=\"text-align: center;\"><span style=\"font-family: Cinzel; font-size: 24pt;\">Csomag\u00e1r:&nbsp;&nbsp;&nbsp;&nbsp;59.990,- HUF \/2 f\u0151\/2 \u00e9j<\/span><\/h2><p style=\"text-align: center;\"><span style=\"font-family: 'Abhaya Libre'; font-size: 16pt;\">Az \u00fcnnepi f\u00e9nyek, a k\u00fcl\u00f6nleges kar\u00e1csonyfa, a programok, a kar\u00e1csonyi \u00edzek, illatok \u00e9s aj\u00e1nd\u00e9kok \u2013 mindez egy<\/span><br><span style=\"font-family: 'Abhaya Libre'; font-size: 16pt;\">karny\u00fajt\u00e1snyira t\u0151l\u00fcnk!<\/span><\/p><p style=\"text-align: center;\"><span style=\"font-family: 'Abhaya Libre'; font-size: 24pt;\">Legyen most \u00d6n is r\u00e9szese az egri adventnek!<\/span><\/p><\/div><\/div><div class=\"vce-image-gallery vce-image-gallery--gap-10 vce-image-gallery--columns-3\"><div class=\"vce-image-gallery-wrapper vce\" id=\"el-6d871208\" data-vce-do-apply=\"all el-6d871208\"><div class=\"vce-image-gallery-list\"><div class=\"vce-image-gallery-item\"><figure class=\"vce-image-gallery-item-inner-wrapper\"><a href=\"https:\/\/hotelunicornis.hu\/web\/wp-content\/uploads\/2023\/11\/big_dH8Z79Ps.jpeg\" data-lightbox=\"lightbox-6d871208\" class=\"vce-image-gallery-item-inner\"><img decoding=\"async\" class=\"vce-image-gallery-img lazyload\" data-src=\"https:\/\/hotelunicornis.hu\/web\/wp-content\/uploads\/2023\/11\/big_dH8Z79Ps-1024x646.jpeg\" alt=\"\" title=\"big_dH8Z79Ps\" src=\"data:image\/svg+xml;base64,PHN2ZyB3aWR0aD0iMSIgaGVpZ2h0PSIxIiB4bWxucz0iaHR0cDovL3d3dy53My5vcmcvMjAwMC9zdmciPjwvc3ZnPg==\" style=\"--smush-placeholder-width: 1024px; --smush-placeholder-aspect-ratio: 1024\/646;\"><\/a><\/figure><\/div><div class=\"vce-image-gallery-item\"><figure class=\"vce-image-gallery-item-inner-wrapper\"><a href=\"https:\/\/hotelunicornis.hu\/web\/wp-content\/uploads\/2025\/09\/15.jpg\" data-lightbox=\"lightbox-6d871208\" class=\"vce-image-gallery-item-inner\"><img decoding=\"async\" class=\"vce-image-gallery-img lazyload\" data-src=\"https:\/\/hotelunicornis.hu\/web\/wp-content\/uploads\/2025\/09\/15.jpg\" alt=\"\" title=\"15\" src=\"data:image\/svg+xml;base64,PHN2ZyB3aWR0aD0iMSIgaGVpZ2h0PSIxIiB4bWxucz0iaHR0cDovL3d3dy53My5vcmcvMjAwMC9zdmciPjwvc3ZnPg==\" style=\"--smush-placeholder-width: 940px; --smush-placeholder-aspect-ratio: 940\/788;\"><\/a><\/figure><\/div><div class=\"vce-image-gallery-item\"><figure class=\"vce-image-gallery-item-inner-wrapper\"><a href=\"https:\/\/hotelunicornis.hu\/web\/wp-content\/uploads\/2023\/11\/314340105_1518677525260235_7464529942673704033_n.jpeg\" data-lightbox=\"lightbox-6d871208\" class=\"vce-image-gallery-item-inner\"><img decoding=\"async\" class=\"vce-image-gallery-img lazyload\" data-src=\"https:\/\/hotelunicornis.hu\/web\/wp-content\/uploads\/2023\/11\/314340105_1518677525260235_7464529942673704033_n-1024x646.jpeg\" alt=\"\" title=\"314340105_1518677525260235_7464529942673704033_n\" src=\"data:image\/svg+xml;base64,PHN2ZyB3aWR0aD0iMSIgaGVpZ2h0PSIxIiB4bWxucz0iaHR0cDovL3d3dy53My5vcmcvMjAwMC9zdmciPjwvc3ZnPg==\" style=\"--smush-placeholder-width: 1024px; --smush-placeholder-aspect-ratio: 1024\/646;\"><\/a><\/figure><\/div><\/div><\/div><\/div><\/div><\/div><\/div><\/div><\/div><\/div><div class=\"vce-row-container\" data-vce-boxed-width=\"true\"><div class=\"vce-row vce-row--col-gap-30 vce-row-equal-height vce-row-content--top\" id=\"el-5eb64447\" data-vce-do-apply=\"all el-5eb64447\"><div class=\"vce-row-content\" data-vce-element-content=\"true\"><div class=\"vce-col vce-col--md-auto vce-col--xs-1 vce-col--xs-last vce-col--xs-first vce-col--sm-last vce-col--sm-first vce-col--md-last vce-col--lg-last vce-col--xl-last vce-col--md-first vce-col--lg-first vce-col--xl-first\" id=\"el-a66a83c2\"><div class=\"vce-col-inner\" data-vce-do-apply=\"border margin background  el-a66a83c2\"><div class=\"vce-col-content\" data-vce-element-content=\"true\" data-vce-do-apply=\"padding el-a66a83c2\"><div class=\"vce-text-block\"><div class=\"vce-text-block-wrapper vce\" id=\"el-7f6e924f\" data-vce-do-apply=\"all el-7f6e924f\"><h2><span style=\"font-family: Cinzel;\"><strong><u>A csomag tartalma:<\/u><\/strong><\/span><\/h2><p><span style=\"font-family: 'Abhaya Libre'; font-size: 16pt;\">\u2013 2 \u00e9jszaka sz\u00e1ll\u00e1s 2 f\u0151 r\u00e9sz\u00e9re, k\u00e9t\u00e1gyas szob\u00e1ban<br>\u2013 \u00e9rkez\u00e9s napj\u00e1n: sv\u00e9dasztalos vacsora (italfogyaszt\u00e1s n\u00e9lk\u00fcl)&nbsp;&nbsp;&nbsp;&nbsp;<br>\u2013 k\u00f6ztes napon: sv\u00e9dasztalos reggeli \u00e9s sv\u00e9dasztalos vacsora (italfogyaszt\u00e1s n\u00e9lk\u00fcl)&nbsp;&nbsp;&nbsp;&nbsp;<br>\u2013 t\u00e1voz\u00e1s napj\u00e1n: sv\u00e9dasztalos reggeli<br>\u2013 adventi snack: forralt bor \u00e9s h\u00e1zi m\u00e9zeskal\u00e1cs k\u00f3stol\u00f3 a sz\u00e1lloda b\u00e1rj\u00e1ban<br>\u2013 tea \u00e9s instant k\u00e1v\u00e9 bek\u00e9sz\u00edt\u00e9se a szob\u00e1ba<br>\u2013 \u00e9rt\u00e9kmeg\u0151rz\u00e9s a recepci\u00f3n tal\u00e1lhat\u00f3 k\u00f6zponti sz\u00e9fben<br>\u2013 szobasz\u00e9f (standard szob\u00e1k eset\u00e9n)<br>\u2013 szob\u00e1nk\u00e9nti, egyedileg szab\u00e1lyozhat\u00f3 l\u00e9gkondicion\u00e1l\u00e1s<br>\u2013 v\u00edzforral\u00f3 bek\u00e9sz\u00edt\u00e9s<br>\u2013 mini-h\u0171t\u0151szekr\u00e9ny a szob\u00e1ban (felt\u00f6lt\u00f6tt k\u00e9szlet n\u00e9lk\u00fcl)<br>\u2013 t\u00f6r\u00f6lk\u00f6z\u0151 \u00e9s hajsz\u00e1r\u00edt\u00f3 bek\u00e9sz\u00edt\u00e9s a szob\u00e1ba<br>\u2013 sz\u00e9les csatornav\u00e1laszt\u00e9k\u00fa k\u00e1beltelev\u00edzi\u00f3<br>\u2013 korl\u00e1tlan vezet\u00e9k n\u00e9lk\u00fcli internet hozz\u00e1f\u00e9r\u00e9s a hotel teljes ter\u00fclet\u00e9n <\/span><\/p><h2><span style=\"font-family: Cinzel;\"><u>A csomag \u00e9rv\u00e9nyess\u00e9ge:<\/u><\/span><\/h2><p><span style=\"font-family: 'Abhaya Libre'; font-size: 16pt;\">Az utalv\u00e1ny felhaszn\u00e1lhat\u00f3: 2025. november 24-t\u0151l 2025. december 24-ig, h\u00e9tk\u00f6znapokon<\/span><br><span style=\"font-family: 'Abhaya Libre'; font-size: 16pt;\">H\u00e9tv\u00e9g\u00e9n fel\u00e1r ellen\u00e9ben, a szabad helyek f\u00fcggv\u00e9ny\u00e9ben, a sz\u00e1llod\u00e1val el\u0151re egyeztetett id\u0151pontban, \u00edr\u00e1sos<\/span><br><span style=\"font-family: 'Abhaya Libre'; font-size: 16pt;\">visszaigazol\u00e1s alapj\u00e1n.<\/span><br><span style=\"font-family: 'Abhaya Libre'; font-size: 16pt;\">A csomag tartalma m\u00e1s akci\u00f3val nem \u00f6sszevonhat\u00f3!<\/span><\/p><h2><span style=\"font-family: Cinzel;\"><strong><u>Gyermekfel\u00e1r (<\/u><\/strong><u>f\u00e9lpanzi\u00f3s ell\u00e1t\u00e1ssal ig\u00e9nyelhet\u0151):<\/u><\/span><\/h2><p><span style=\"font-family: 'Abhaya Libre'; font-size: 16pt;\">0-3,99 \u00e9v k\u00f6z\u00f6tt: a sz\u00e1ll\u00e1s ingyenes<\/span><br><span style=\"font-family: 'Abhaya Libre'; font-size: 16pt;\">0-3,99 \u00e9v k\u00f6z\u00f6tt f\u00e9lpanzi\u00f3s ell\u00e1t\u00e1s ig\u00e9nyelhet\u0151: 8.500,- HUF\/f\u0151\/\u00e9j<\/span><br><span style=\"font-family: 'Abhaya Libre'; font-size: 16pt;\">4-9,99 \u00e9v k\u00f6z\u00f6tt: 12.499,- HUF\/f\u0151\/\u00e9j<\/span><br><span style=\"font-family: 'Abhaya Libre'; font-size: 16pt;\">10 \u00e9ves kort\u00f3l: 15.000,- HUF\/f\u0151\/\u00e9j<\/span><br><span style=\"font-family: 'Abhaya Libre'; font-size: 16pt;\">A gyermek\u00e1rak a sz\u00fcl\u0151kkel egy szob\u00e1ban t\u00f6rt\u00e9n\u0151 elhelyez\u00e9s eset\u00e9n \u00e9rv\u00e9nyesek a sz\u00e1ll\u00e1shely adotts\u00e1gai szerint. A<\/span><br><span style=\"font-family: 'Abhaya Libre'; font-size: 16pt;\">gyermek\u00e1rak mindig annyi gyermekre \u00e9rv\u00e9nyesek, ah\u00e1ny feln\u0151tt \u00e1rat fizet\u0151 feln\u0151ttel ker\u00fclnek elhelyez\u00e9sre egy<\/span><br><span style=\"font-family: 'Abhaya Libre'; font-size: 16pt;\">szob\u00e1ban (3 vagy t\u00f6bb gyermek foglal\u00e1sa eset\u00e9n k\u00e9rje t\u00e1j\u00e9koztat\u00e1sunkat).<\/span><\/p><h2><span style=\"font-family: Cinzel;\"><strong><u>Esetleges fel\u00e1rak:<\/u><\/strong><\/span><\/h2><ul><li><span style=\"font-family: 'Abhaya Libre'; font-size: 16pt;\">\u00c9jszaka hosszabb\u00edt\u00e1s: + 30.000,- HUF\/2f\u0151\/\u00e9j<\/span><\/li><li><span style=\"font-family: 'Abhaya Libre'; font-size: 16pt;\">H\u00e9tv\u00e9gi fel\u00e1r: + 15.000,- HUF\/utalv\u00e1ny (p\u00e9ntek \u00e9s\/vagy szombat \u00e9jszaka)<\/span><\/li><li><span style=\"font-family: 'Abhaya Libre'; font-size: 16pt;\">Egy\u00e1gyas fel\u00e1r (k\u00e9t\u00e1gyas szob\u00e1ban t\u00f6rt\u00e9n\u0151 elhelyez\u00e9s eset\u00e9n):+ 10.000.- HUF\/f\u0151<\/span><\/li><li><span style=\"font-family: 'Abhaya Libre'; font-size: 16pt;\">Standard h\u00e1rom\u00e1gyas szoba fel\u00e1r (k\u00e9t szem\u00e9ly elhelyez\u00e9se eset\u00e9n): + 5.000.- HUF\/csomag<\/span><\/li><li><span style=\"font-family: 'Abhaya Libre'; font-size: 16pt;\">Standard n\u00e9gy\u00e1gyas szoba fel\u00e1r (k\u00e9t szem\u00e9ly elhelyez\u00e9se eset\u00e9n): + 8.000.- HUF\/csomag<\/span><\/li><li><span style=\"font-family: 'Abhaya Libre'; font-size: 16pt;\">Parkol\u00e1s: 2.000,- HUF\/szem\u00e9lyaut\u00f3\/\u00e9j (k\u00fcls\u0151 \u00e9s bels\u0151 parkol\u00f3ra egyar\u00e1nt)<\/span><\/li><li><span style=\"font-family: 'Abhaya Libre'; font-size: 16pt;\">Kis\u00e1llat fel\u00e1r: 5.000,- HUF\/kis\u00e1llat\/\u00e9j<\/span><\/li><li><span style=\"font-family: 'Abhaya Libre'; font-size: 16pt;\">F\u00fcrd\u0151k\u00f6nt\u00f6s: 2.000,- HUF\/f\u0151\/alkalom<\/span><\/li><\/ul><p><span style=\"font-family: 'Abhaya Libre'; font-size: 16pt;\">A csomag megv\u00e1s\u00e1rl\u00e1s\u00e1t k\u00f6vet\u0151en az info@hotelunicornis.hu c\u00edmen, \u00edr\u00e1sban sz\u00fcks\u00e9ges a sz\u00e1ll\u00e1shelyet lefoglalni, melyet a sz\u00e1lloda szabad kapacit\u00e1s f\u00fcggv\u00e9ny\u00e9ben igazol vissza.<\/span><\/p><h2><span style=\"font-size: 16pt; font-family: 'Abhaya Libre';\">\u00cdr\u00e1sbeli regisztr\u00e1ci\u00f3 n\u00e9lk\u00fcl az utalv\u00e1ny bev\u00e1lt\u00e1s\u00e1ra a helysz\u00ednen nincs lehet\u0151s\u00e9g!<\/span><\/h2><\/div><\/div><\/div><\/div><\/div><\/div><\/div><\/div><div class=\"vce-row-container\" data-vce-boxed-width=\"true\"><div class=\"vce-row vce-row--col-gap-30 vce-row-equal-height vce-row-content--top\" id=\"el-c38dc33d\" data-vce-do-apply=\"all el-c38dc33d\"><div class=\"vce-row-content\" data-vce-element-content=\"true\"><div class=\"vce-col vce-col--md-auto vce-col--xs-1 vce-col--xs-last vce-col--xs-first vce-col--sm-last vce-col--sm-first vce-col--md-last vce-col--lg-last vce-col--xl-last vce-col--md-first vce-col--lg-first vce-col--xl-first\" id=\"el-f0686ac0\"><div class=\"vce-col-inner\" data-vce-do-apply=\"border margin background  el-f0686ac0\"><div class=\"vce-col-content\" data-vce-element-content=\"true\" data-vce-do-apply=\"padding el-f0686ac0\"><div class=\"vce-text-block\"><div class=\"vce-text-block-wrapper vce\" id=\"el-96a07705\" data-vce-do-apply=\"all el-96a07705\"><h3 style=\"text-align: center;\"><span style=\"font-size: 24pt; font-family: Cinzel;\">Meg\u00e9ri most foglalni!<\/span><\/h3><p>&nbsp;<\/p><\/div><\/div><\/div><\/div><\/div><\/div><\/div><\/div><div class=\"vce-row-container\" data-vce-boxed-width=\"true\"><div class=\"vce-row vce-row--col-gap-30 vce-row-equal-height vce-row-content--top\" id=\"el-2ed7f705\" data-vce-do-apply=\"all el-2ed7f705\"><div class=\"vce-row-content\" data-vce-element-content=\"true\"><div class=\"vce-col vce-col--md-auto vce-col--xs-1 vce-col--xs-last vce-col--xs-first vce-col--sm-last vce-col--sm-first vce-col--md-first vce-col--lg-first vce-col--xl-first\" id=\"el-80f920a1\"><div class=\"vce-col-inner\" data-vce-do-apply=\"border margin background  el-80f920a1\"><div class=\"vce-col-content\" data-vce-element-content=\"true\" data-vce-do-apply=\"padding el-80f920a1\"><div class=\"vce-button--style-basic-container vce-button--style-basic-container--align-center\"><span class=\"vce-button--style-basic-wrapper vce\" id=\"el-bc81e7dc\" data-vce-do-apply=\"margin el-bc81e7dc\"><a class=\"vce-button vce-button--style-basic vce-button--style-basic--border-rounded vce-button--style-basic--size-medium vce-button--style-basic--color-b-53-83-128--fff\" href=\"https:\/\/hotelunicornis.hu\/web\/ajanlatkeres-1\/\" title=\"\" data-vce-do-apply=\"padding border background  el-bc81e7dc\">Id\u0151pontot foglal\u00e1s<\/a><\/span><\/div><\/div><\/div><\/div><div class=\"vce-col vce-col--md-auto vce-col--xs-1 vce-col--xs-last vce-col--xs-first vce-col--sm-last vce-col--sm-first vce-col--md-last vce-col--lg-last vce-col--xl-last\" id=\"el-37fc3972\"><div class=\"vce-col-inner\" data-vce-do-apply=\"border margin background  el-37fc3972\"><div class=\"vce-col-content\" data-vce-element-content=\"true\" data-vce-do-apply=\"padding el-37fc3972\"><div class=\"vce-button--style-basic-container vce-button--style-basic-container--align-center\"><span class=\"vce-button--style-basic-wrapper vce\" id=\"el-2616fbbb\" data-vce-do-apply=\"margin el-2616fbbb\"><a class=\"vce-button vce-button--style-basic vce-button--style-basic--border-rounded vce-button--style-basic--size-medium vce-button--style-basic--color-b-53-83-128--fff\" href=\"https:\/\/hotelunicornis.hu\/web\/termek\/eger-advent-ajandekutalvany\/\" title=\"\" data-vce-do-apply=\"padding border background  el-2616fbbb\">Utlv\u00e1nyt veszek k\u00e9s\u0151bbi foglal\u00e1ssal<\/a><\/span><\/div><\/div><\/div><\/div><\/div><\/div><\/div>\n","protected":false},"excerpt":{"rendered":"<p>\u201cEger advent\u201d csomagaj\u00e1nl\u00f3&nbsp;&nbsp;59.990. HUF \/ 2f\u0151 2 \u00e9jUtalv\u00e1ny v\u00e1s\u00e1rl\u00e1s\u201ceger advent\u201d csomag&nbsp;&nbsp;Csomag\u00e1r:&nbsp;&nbsp;&nbsp;&nbsp;59.990,- HUF \/2 f\u0151\/2 \u00e9jAz \u00fcnnepi f\u00e9nyek, a k\u00fcl\u00f6nleges kar\u00e1csonyfa, a programok, a kar\u00e1csonyi \u00edzek, illatok \u00e9s aj\u00e1nd\u00e9kok \u2013 mindez egykarny\u00fajt\u00e1snyira t\u0151l\u00fcnk!Legyen most \u00d6n is r\u00e9szese az egri adventnek!A csomag tartalma:\u2013 2 \u00e9jszaka sz\u00e1ll\u00e1s 2 f\u0151 r\u00e9sz\u00e9re, k\u00e9t\u00e1gyas szob\u00e1ban\u2013 \u00e9rkez\u00e9s napj\u00e1n: sv\u00e9dasztalos vacsora (italfogyaszt\u00e1s n\u00e9lk\u00fcl)&nbsp;&nbsp;&nbsp;&nbsp;\u2013 [&hellip;]<\/p>\n","protected":false},"author":4,"featured_media":0,"parent":0,"menu_order":0,"comment_status":"closed","ping_status":"closed","template":"","meta":{"site-sidebar-layout":"default","site-content-layout":"default","ast-site-content-layout":"default","site-content-style":"default","site-sidebar-style":"default","ast-global-header-display":"","ast-banner-title-visibility":"","ast-main-header-display":"","ast-hfb-above-header-display":"","ast-hfb-below-header-display":"","ast-hfb-mobile-header-display":"","site-post-title":"","ast-breadcrumbs-content":"","ast-featured-img":"","footer-sml-layout":"","ast-disable-related-posts":"","theme-transparent-header-meta":"default","adv-header-id-meta":"","stick-header-meta":"","header-above-stick-meta":"","header-main-stick-meta":"","header-below-stick-meta":"","astra-migrate-meta-layouts":"set","ast-page-background-enabled":"default","ast-page-background-meta":{"desktop":{"background-color":"var(--ast-global-color-4)","background-image":"","background-repeat":"repeat","background-position":"center center","background-size":"auto","background-attachment":"scroll","background-type":"","background-media":"","overlay-type":"","overlay-color":"","overlay-opacity":"","overlay-gradient":""},"tablet":{"background-color":"","background-image":"","background-repeat":"repeat","background-position":"center center","background-size":"auto","background-attachment":"scroll","background-type":"","background-media":"","overlay-type":"","overlay-color":"","overlay-opacity":"","overlay-gradient":""},"mobile":{"background-color":"","background-image":"","background-repeat":"repeat","background-position":"center center","background-size":"auto","background-attachment":"scroll","background-type":"","background-media":"","overlay-type":"","overlay-color":"","overlay-opacity":"","overlay-gradient":""}},"ast-content-background-meta":{"desktop":{"background-color":"var(--ast-global-color-5)","background-image":"","background-repeat":"repeat","background-position":"center center","background-size":"auto","background-attachment":"scroll","background-type":"","background-media":"","overlay-type":"","overlay-color":"","overlay-opacity":"","overlay-gradient":""},"tablet":{"background-color":"var(--ast-global-color-5)","background-image":"","background-repeat":"repeat","background-position":"center center","background-size":"auto","background-attachment":"scroll","background-type":"","background-media":"","overlay-type":"","overlay-color":"","overlay-opacity":"","overlay-gradient":""},"mobile":{"background-color":"var(--ast-global-color-5)","background-image":"","background-repeat":"repeat","background-position":"center center","background-size":"auto","background-attachment":"scroll","background-type":"","background-media":"","overlay-type":"","overlay-color":"","overlay-opacity":"","overlay-gradient":""}},"footnotes":""},"class_list":["post-3786","page","type-page","status-publish","hentry"],"_links":{"self":[{"href":"https:\/\/hotelunicornis.hu\/web\/wp-json\/wp\/v2\/pages\/3786","targetHints":{"allow":["GET"]}}],"collection":[{"href":"https:\/\/hotelunicornis.hu\/web\/wp-json\/wp\/v2\/pages"}],"about":[{"href":"https:\/\/hotelunicornis.hu\/web\/wp-json\/wp\/v2\/types\/page"}],"author":[{"embeddable":true,"href":"https:\/\/hotelunicornis.hu\/web\/wp-json\/wp\/v2\/users\/4"}],"replies":[{"embeddable":true,"href":"https:\/\/hotelunicornis.hu\/web\/wp-json\/wp\/v2\/comments?post=3786"}],"version-history":[{"count":5,"href":"https:\/\/hotelunicornis.hu\/web\/wp-json\/wp\/v2\/pages\/3786\/revisions"}],"predecessor-version":[{"id":3793,"href":"https:\/\/hotelunicornis.hu\/web\/wp-json\/wp\/v2\/pages\/3786\/revisions\/3793"}],"wp:attachment":[{"href":"https:\/\/hotelunicornis.hu\/web\/wp-json\/wp\/v2\/media?parent=3786"}],"curies":[{"name":"wp","href":"https:\/\/api.w.org\/{rel}","templated":true}]}}