{"id":40,"date":"2018-07-02T13:36:02","date_gmt":"2018-07-02T13:36:02","guid":{"rendered":"https:\/\/hotelunicornis.hu\/web\/?page_id=40"},"modified":"2026-02-16T06:29:21","modified_gmt":"2026-02-16T05:29:21","slug":"etterem","status":"publish","type":"page","link":"https:\/\/hotelunicornis.hu\/web\/etterem\/","title":{"rendered":"\u00c9TTEREM"},"content":{"rendered":"<div class=\"vce-row-container\" data-vce-boxed-width=\"true\"><div class=\"vce-row vce-row--col-gap-30 vce-row-equal-height vce-row-content--top\" id=\"el-72faa149\" data-vce-do-apply=\"all el-72faa149\"><div class=\"vce-row-content\" data-vce-element-content=\"true\"><div class=\"vce-col vce-col--md-auto vce-col--xs-1 vce-col--xs-last vce-col--xs-first vce-col--sm-last vce-col--sm-first vce-col--md-last vce-col--lg-last vce-col--xl-last vce-col--md-first vce-col--lg-first vce-col--xl-first\" id=\"el-8ba3f2e0\"><div class=\"vce-col-inner\" data-vce-do-apply=\"border margin background  el-8ba3f2e0\"><div class=\"vce-col-content\" data-vce-element-content=\"true\" data-vce-do-apply=\"padding el-8ba3f2e0\"><div class=\"vce-simple-image-slider\" style=\"--backgroundPosition: center center; --pointerColor: #fff; --pointerColorHover: #fd9a00;\"><div class=\"vce-simple-image-slider-wrapper vce\" id=\"el-d329818d\" data-vce-do-apply=\"all el-d329818d\"><div class=\"vce-simple-image-slider-helper vce-simple-image-slider-aspect-ratio--custom\" style=\"padding-top: 31.25%;\"><div class=\"vce-simple-image-slider-list\" data-slick-autoplay=\"on\" data-slick-autoplay-delay=\"5000\" data-slick-effect=\"slideIn\" data-slick-dots=\"on\" data-slick-arrows=\"off\"><div class=\"slick-list\"><div class=\"slick-track\"><div class=\"vce-simple-image-slider-item vc-slick-item\"><div style=\"background-image:inherit\" class=\"vce-simple-image-slider-img vce-simple-image-slider-img--scale lazyload\" data-bg-image=\"url(https:\/\/hotelunicornis.hu\/web\/wp-content\/uploads\/2024\/07\/Hotel-Unicornis-Eger-19.jpeg)\"><img decoding=\"async\" data-src=\"https:\/\/hotelunicornis.hu\/web\/wp-content\/uploads\/2024\/07\/Hotel-Unicornis-Eger-19.jpeg\" style=\"--smush-placeholder-width: 2040px; --smush-placeholder-aspect-ratio: 2040\/1530;opacity:0\" alt=\"\" src=\"data:image\/svg+xml;base64,PHN2ZyB3aWR0aD0iMSIgaGVpZ2h0PSIxIiB4bWxucz0iaHR0cDovL3d3dy53My5vcmcvMjAwMC9zdmciPjwvc3ZnPg==\" class=\"lazyload\"><\/div><\/div><\/div><\/div><\/div><div class=\"vce-simple-image-slider-dots\"><\/div><\/div><\/div><\/div><\/div><\/div><\/div><\/div><\/div><\/div><div class=\"vce-row-container\" data-vce-boxed-width=\"true\"><div class=\"vce-row vce-row--col-gap-30 vce-row-equal-height vce-row-content--top\" id=\"el-e04554af\" data-vce-do-apply=\"all el-e04554af\"><div class=\"vce-row-content\" data-vce-element-content=\"true\"><div class=\"vce-col vce-col--md-auto vce-col--xs-1 vce-col--xs-last vce-col--xs-first vce-col--sm-last vce-col--sm-first vce-col--md-last vce-col--lg-last vce-col--xl-last vce-col--md-first vce-col--lg-first vce-col--xl-first\" id=\"el-e5741052\"><div class=\"vce-col-inner\" data-vce-do-apply=\"border margin background  el-e5741052\"><div class=\"vce-col-content\" data-vce-element-content=\"true\" data-vce-do-apply=\"padding el-e5741052\"><div class=\"vce-text-block\"><div class=\"vce-text-block-wrapper vce\" id=\"el-dca3dcc2\" data-vce-do-apply=\"all el-dca3dcc2\"><h1><span style=\"font-family: 'Cinzel Decorative';\">\u00c9tterm\u00fcnk vend\u00e9geink \u00e9s k\u00fcls\u00f6s l\u00e1togat\u00f3k sz\u00e1m\u00e1ra is nyitva<\/span><\/h1><p><span style=\"font-family: 'Abhaya Libre'; font-size: 14pt;\">\u00cdzl\u00e9sesen berendezett, l\u00e9gkondicion\u00e1lt \u00e9tterem neves konyhaf\u0151n\u00f6k\u00fcnk ir\u00e1ny\u00edt\u00e1s\u00e1val, gazdag napi men\u00fc \u00e9s b\u00fcf\u00e9 v\u00e1laszt\u00e9kkal \u00e1ll a vend\u00e9gek rendelkez\u00e9s\u00e9re.<\/span><\/p><h3><span style=\"font-family: 'Abhaya Libre'; font-size: 14pt;\">Minden este korl\u00e1tlan sv\u00e9dasztal!<\/span><\/h3><p><span style=\"font-family: 'Abhaya Libre'; font-size: 14pt;\">Sz\u00e1ll\u00f3vend\u00e9geinknek, kuponkedvezm\u00e9nnyel: 6.000,-\/f\u0151 fix \u00e1ron<\/span><\/p><p><span style=\"font-family: 'Abhaya Libre'; font-size: 14pt;\">K\u00fcls\u0151s vend\u00e9geknek: 6.500.-\/ f\u0151 fix \u00e1ron<\/span><\/p><h2><span style=\"font-family: 'Cinzel Decorative';\">Kiv\u00e1l\u00f3 rendezv\u00e9nyek, \u00f6sszej\u00f6vetelek, esk\u00fcv\u00f6k, \u00e9vfordul\u00f3k helysz\u00edn\u00e9\u00fcl<\/span><\/h2><p><span style=\"font-size: 14pt; font-family: 'Abhaya Libre';\">Ak\u00e1r 150 f\u0151s rendezv\u00e9nyek lebonyol\u00edt\u00e1s\u00e1ra is alkalmas!<\/span><\/p><p><span style=\"font-size: 14pt; font-family: 'Abhaya Libre';\">A sz\u00e1lloda v\u00e1llalja konferenci\u00e1k, tov\u00e1bbk\u00e9pz\u00e9sek, term\u00e9kbemutat\u00f3k, tr\u00e9ningek \u00e9s egy\u00e9b \u00fczleti tal\u00e1lkoz\u00f3k megszervez\u00e9s\u00e9t.<\/span><\/p><\/div><\/div><div class=\"vce-button--style-basic-container vce-button--style-basic-container--align-center\"><span class=\"vce-button--style-basic-wrapper vce\" id=\"el-c52e565c\" data-vce-do-apply=\"margin el-c52e565c\"><a class=\"vce-button vce-button--style-basic vce-button--style-basic--border-rounded vce-button--style-basic--size-medium vce-button--style-basic--color-b-25-75-141--fff\" href=\"https:\/\/hotelunicornis.hu\/web\/csoportos-es-rendezveny-menu\/\" title=\"\" data-vce-do-apply=\"padding border background  el-c52e565c\">Csoportos \u00e9s rendezv\u00e9ny men\u00fc<\/a><\/span><\/div><\/div><\/div><\/div><\/div><\/div><\/div><div class=\"vce-row-container\" data-vce-boxed-width=\"true\"><div class=\"vce-row vce-row--col-gap-30 vce-row-equal-height vce-row-content--top\" id=\"el-feba711f\" data-vce-do-apply=\"all el-feba711f\"><div class=\"vce-row-content\" data-vce-element-content=\"true\"><div class=\"vce-col vce-col--md-auto vce-col--xs-1 vce-col--xs-last vce-col--xs-first vce-col--sm-last vce-col--sm-first vce-col--md-last vce-col--lg-last vce-col--xl-last vce-col--md-first vce-col--lg-first vce-col--xl-first\" id=\"el-83f2c85e\"><div class=\"vce-col-inner\" data-vce-do-apply=\"border margin background  el-83f2c85e\"><div class=\"vce-col-content\" data-vce-element-content=\"true\" data-vce-do-apply=\"padding el-83f2c85e\"><div class=\"vce-text-block\"><div class=\"vce-text-block-wrapper vce\" id=\"el-35cc3c93\" data-vce-do-apply=\"all el-35cc3c93\"><p><!-- Final Tiles Grid Gallery for WordPress v3.6.13 free --><style>#ftg-22 .tile .icon { color:#ffffff; }#ftg-22 .ftg-items .loading-bar i { background:#666; }#ftg-22 .ftg-items .loading-bar { background:#fff; }#ftg-22 .tile .icon { font-size:12px; }#ftg-22 .tile .icon { margin: -6px 0 0 -6px; }#ftg-22 .tile .caption-block .text-wrapper span.text { font-size:12px; }#ftg-22 .tile .caption-outside .text-wrapper span.text { font-size:12px; }#ftg-22 .tile .caption-block .text-wrapper span.title { font-size:14px; }#ftg-22 .tile .caption-outside .text-wrapper span.title { font-size:14px; }#ftg-22 .tile { background-color: transparent; }#ftg-22 .tile .caption-block .text-wrapper span.text { color: #ffffff; }#ftg-22 .tile .caption-block .text-wrapper span.title { color: #ffffff; }#ftg-22 .tile .caption-outside .text-wrapper span.text { color: #ffffff; }#ftg-22 .tile .caption-outside .text-wrapper span.title { color: #ffffff; }#ftg-22 .tile .ftg-social a { color: #ffffff; }#ftg-22 .tile .caption-block { transition-duration:0.25s; }#ftg-22 .tile .tile-inner:before { background-color: #000000; }#ftg-22 .tile .tile-inner:before { background-color: rgba(0, 0, 0, 0.8); }#ftg-22 .tile:hover img {-moz-transform: -moz-rotate(0deg) -moz-scale(0) ;-webkit-transform: -webkit-rotate(0deg) -webkit-scale(0) ;-o-transform: -o-rotate(0deg) -o-scale(0) ;-ms-transform: -ms-rotate(0deg) -ms-scale(0) ;transform: rotate(0deg) scale(0) ;}<\/style><a name=\"2\"><\/a><div class=\"final-tiles-gallery  ftg-hover-enabled caption-inside  caption-none caption-middle caption-center\" id=\"ftg-22\" style=\"width: 100%\"><div class='ftg-items'><div class='loading-bar'><i><\/i><\/div><div  class='tile ftg-preload  '><a title=\"Hotel-Unicornis-Eger-20\" data-lightbox='ftg-22' rel='ftg-22'  class=' tile-inner  ftg-lightbox' href='https:\/\/hotelunicornis.hu\/web\/wp-content\/uploads\/2024\/07\/Hotel-Unicornis-Eger-20-1024x768.jpeg' ><img alt='Hotel-Unicornis-Eger-20' class='item skip-lazy' data-class='item' data-ftg-source='https:\/\/hotelunicornis.hu\/web\/wp-content\/uploads\/2024\/07\/Hotel-Unicornis-Eger-20-1024x768.jpeg' src='https:\/\/hotelunicornis.hu\/web\/wp-content\/uploads\/2024\/07\/Hotel-Unicornis-Eger-20-1024x768.jpeg' width='1024' height='768' \/><div class='caption-block'><div class='text-wrapper'><span class='title'>Hotel-Unicornis-Eger-20<\/span><\/div><\/div><\/a><div class='ftg-social'><\/div><\/div><div  class='tile ftg-preload  '><a title=\"Hotel-Unicornis-Eger-19\" data-lightbox='ftg-22' rel='ftg-22'  class=' tile-inner  ftg-lightbox' href='https:\/\/hotelunicornis.hu\/web\/wp-content\/uploads\/2024\/07\/Hotel-Unicornis-Eger-19-1024x768.jpeg' ><img alt='Hotel-Unicornis-Eger-19' class='item skip-lazy' data-class='item' data-ftg-source='https:\/\/hotelunicornis.hu\/web\/wp-content\/uploads\/2024\/07\/Hotel-Unicornis-Eger-19-1024x768.jpeg' src='https:\/\/hotelunicornis.hu\/web\/wp-content\/uploads\/2024\/07\/Hotel-Unicornis-Eger-19-1024x768.jpeg' width='1024' height='768' \/><div class='caption-block'><div class='text-wrapper'><span class='title'>Hotel-Unicornis-Eger-19<\/span><\/div><\/div><\/a><div class='ftg-social'><\/div><\/div><div  class='tile ftg-preload  '><a title=\"Hotel-Unicornis-Eger-18\" data-lightbox='ftg-22' rel='ftg-22'  class=' tile-inner  ftg-lightbox' href='https:\/\/hotelunicornis.hu\/web\/wp-content\/uploads\/2024\/07\/Hotel-Unicornis-Eger-18-1024x765.jpeg' ><img alt='Hotel-Unicornis-Eger-18' class='item skip-lazy' data-class='item' data-ftg-source='https:\/\/hotelunicornis.hu\/web\/wp-content\/uploads\/2024\/07\/Hotel-Unicornis-Eger-18-1024x765.jpeg' src='https:\/\/hotelunicornis.hu\/web\/wp-content\/uploads\/2024\/07\/Hotel-Unicornis-Eger-18-1024x765.jpeg' width='1024' height='765' \/><div class='caption-block'><div class='text-wrapper'><span class='title'>Hotel-Unicornis-Eger-18<\/span><\/div><\/div><\/a><div class='ftg-social'><\/div><\/div><div  class='tile ftg-preload  '><a title=\"Hotel-Unicornis-Eger-17\" data-lightbox='ftg-22' rel='ftg-22'  class=' tile-inner  ftg-lightbox' href='https:\/\/hotelunicornis.hu\/web\/wp-content\/uploads\/2024\/07\/Hotel-Unicornis-Eger-17-768x1024.jpeg' ><img alt='Hotel-Unicornis-Eger-17' class='item skip-lazy' data-class='item' data-ftg-source='https:\/\/hotelunicornis.hu\/web\/wp-content\/uploads\/2024\/07\/Hotel-Unicornis-Eger-17-768x1024.jpeg' src='https:\/\/hotelunicornis.hu\/web\/wp-content\/uploads\/2024\/07\/Hotel-Unicornis-Eger-17-768x1024.jpeg' width='768' height='1024' \/><div class='caption-block'><div class='text-wrapper'><span class='title'>Hotel-Unicornis-Eger-17<\/span><\/div><\/div><\/a><div class='ftg-social'><\/div><\/div><div  class='tile ftg-preload  '><a title=\"Hotel-Unicornis-Eger-16\" data-lightbox='ftg-22' rel='ftg-22'  class=' tile-inner  ftg-lightbox' href='https:\/\/hotelunicornis.hu\/web\/wp-content\/uploads\/2024\/07\/Hotel-Unicornis-Eger-16-1024x768.jpeg' ><img alt='Hotel-Unicornis-Eger-16' class='item skip-lazy' data-class='item' data-ftg-source='https:\/\/hotelunicornis.hu\/web\/wp-content\/uploads\/2024\/07\/Hotel-Unicornis-Eger-16-1024x768.jpeg' src='https:\/\/hotelunicornis.hu\/web\/wp-content\/uploads\/2024\/07\/Hotel-Unicornis-Eger-16-1024x768.jpeg' width='1024' height='768' \/><div class='caption-block'><div class='text-wrapper'><span class='title'>Hotel-Unicornis-Eger-16<\/span><\/div><\/div><\/a><div class='ftg-social'><\/div><\/div><div  class='tile ftg-preload  '><a title=\"Hotel-Unicornis-Eger-15\" data-lightbox='ftg-22' rel='ftg-22'  class=' tile-inner  ftg-lightbox' href='https:\/\/hotelunicornis.hu\/web\/wp-content\/uploads\/2024\/07\/Hotel-Unicornis-Eger-15-1024x768.jpeg' ><img alt='Hotel-Unicornis-Eger-15' class='item skip-lazy' data-class='item' data-ftg-source='https:\/\/hotelunicornis.hu\/web\/wp-content\/uploads\/2024\/07\/Hotel-Unicornis-Eger-15-1024x768.jpeg' src='https:\/\/hotelunicornis.hu\/web\/wp-content\/uploads\/2024\/07\/Hotel-Unicornis-Eger-15-1024x768.jpeg' width='1024' height='768' \/><div class='caption-block'><div class='text-wrapper'><span class='title'>Hotel-Unicornis-Eger-15<\/span><\/div><\/div><\/a><div class='ftg-social'><\/div><\/div><div  class='tile ftg-preload  '><a title=\"Hotel-Unicornis-Eger-14\" data-lightbox='ftg-22' rel='ftg-22'  class=' tile-inner  ftg-lightbox' href='https:\/\/hotelunicornis.hu\/web\/wp-content\/uploads\/2024\/07\/Hotel-Unicornis-Eger-14-1024x768.jpeg' ><img alt='Hotel-Unicornis-Eger-14' class='item skip-lazy' data-class='item' data-ftg-source='https:\/\/hotelunicornis.hu\/web\/wp-content\/uploads\/2024\/07\/Hotel-Unicornis-Eger-14-1024x768.jpeg' src='https:\/\/hotelunicornis.hu\/web\/wp-content\/uploads\/2024\/07\/Hotel-Unicornis-Eger-14-1024x768.jpeg' width='1024' height='768' \/><div class='caption-block'><div class='text-wrapper'><span class='title'>Hotel-Unicornis-Eger-14<\/span><\/div><\/div><\/a><div class='ftg-social'><\/div><\/div><div  class='tile ftg-preload  '><a title=\"Hotel-Unicornis-Eger-13\" data-lightbox='ftg-22' rel='ftg-22'  class=' tile-inner  ftg-lightbox' href='https:\/\/hotelunicornis.hu\/web\/wp-content\/uploads\/2024\/07\/Hotel-Unicornis-Eger-13-1024x768.jpeg' ><img alt='Hotel-Unicornis-Eger-13' class='item skip-lazy' data-class='item' data-ftg-source='https:\/\/hotelunicornis.hu\/web\/wp-content\/uploads\/2024\/07\/Hotel-Unicornis-Eger-13-1024x768.jpeg' src='https:\/\/hotelunicornis.hu\/web\/wp-content\/uploads\/2024\/07\/Hotel-Unicornis-Eger-13-1024x768.jpeg' width='1024' height='768' \/><div class='caption-block'><div class='text-wrapper'><span class='title'>Hotel-Unicornis-Eger-13<\/span><\/div><\/div><\/a><div class='ftg-social'><\/div><\/div><div  class='tile ftg-preload  '><a title=\"Hotel-Unicornis-Eger-11\" data-lightbox='ftg-22' rel='ftg-22'  class=' tile-inner  ftg-lightbox' href='https:\/\/hotelunicornis.hu\/web\/wp-content\/uploads\/2024\/07\/Hotel-Unicornis-Eger-11-1024x768.jpeg' ><img alt='Hotel-Unicornis-Eger-11' class='item skip-lazy' data-class='item' data-ftg-source='https:\/\/hotelunicornis.hu\/web\/wp-content\/uploads\/2024\/07\/Hotel-Unicornis-Eger-11-1024x768.jpeg' src='https:\/\/hotelunicornis.hu\/web\/wp-content\/uploads\/2024\/07\/Hotel-Unicornis-Eger-11-1024x768.jpeg' width='1024' height='768' \/><div class='caption-block'><div class='text-wrapper'><span class='title'>Hotel-Unicornis-Eger-11<\/span><\/div><\/div><\/a><div class='ftg-social'><\/div><\/div><\/div><\/div><\/p><\/div><\/div><\/div><\/div><\/div><\/div><\/div><\/div><div class=\"vce-row-container\" data-vce-boxed-width=\"true\"><div class=\"vce-row vce-row--col-gap-30 vce-row-equal-height vce-row-content--top\" id=\"el-36fce61a\" data-vce-do-apply=\"all el-36fce61a\"><div class=\"vce-row-content\" data-vce-element-content=\"true\"><div class=\"vce-col vce-col--md-auto vce-col--xs-1 vce-col--xs-last vce-col--xs-first vce-col--sm-last vce-col--sm-first vce-col--md-last vce-col--lg-last vce-col--xl-last vce-col--md-first vce-col--lg-first vce-col--xl-first\" id=\"el-4e9fdcf4\"><div class=\"vce-col-inner\" data-vce-do-apply=\"border margin background  el-4e9fdcf4\"><div class=\"vce-col-content\" data-vce-element-content=\"true\" data-vce-do-apply=\"padding el-4e9fdcf4\"><div class=\"vce-button--style-basic-container vce-button--style-basic-container--align-center\"><span class=\"vce-button--style-basic-wrapper vce\" id=\"el-9c51517c\" data-vce-do-apply=\"margin el-9c51517c\"><a class=\"vce-button vce-button--style-basic vce-button--style-basic--border-rounded vce-button--style-basic--size-medium vce-button--style-basic--color-b-53-83-128--fff\" href=\"https:\/\/hotelunicornis.hu\/web\/ajanlatkeres-2\/\" title=\"\" data-vce-do-apply=\"padding border background  el-9c51517c\">Aj\u00e1nlatk\u00e9r\u00e9s\/ Kapcsolat<\/a><\/span><\/div><\/div><\/div><\/div><\/div><\/div><\/div>\n","protected":false},"excerpt":{"rendered":"<p>\u00c9tterm\u00fcnk vend\u00e9geink \u00e9s k\u00fcls\u00f6s l\u00e1togat\u00f3k sz\u00e1m\u00e1ra is nyitva\u00cdzl\u00e9sesen berendezett, l\u00e9gkondicion\u00e1lt \u00e9tterem neves konyhaf\u0151n\u00f6k\u00fcnk ir\u00e1ny\u00edt\u00e1s\u00e1val, gazdag napi men\u00fc \u00e9s b\u00fcf\u00e9 v\u00e1laszt\u00e9kkal \u00e1ll a vend\u00e9gek rendelkez\u00e9s\u00e9re.Minden este korl\u00e1tlan sv\u00e9dasztal!Sz\u00e1ll\u00f3vend\u00e9geinknek, kuponkedvezm\u00e9nnyel: 6.000,-\/f\u0151 fix \u00e1ronK\u00fcls\u0151s vend\u00e9geknek: 6.500.-\/ f\u0151 fix \u00e1ronKiv\u00e1l\u00f3 rendezv\u00e9nyek, \u00f6sszej\u00f6vetelek, esk\u00fcv\u00f6k, \u00e9vfordul\u00f3k helysz\u00edn\u00e9\u00fclAk\u00e1r 150 f\u0151s rendezv\u00e9nyek lebonyol\u00edt\u00e1s\u00e1ra is alkalmas!A sz\u00e1lloda v\u00e1llalja konferenci\u00e1k, tov\u00e1bbk\u00e9pz\u00e9sek, term\u00e9kbemutat\u00f3k, tr\u00e9ningek \u00e9s egy\u00e9b [&hellip;]<\/p>\n","protected":false},"author":4,"featured_media":0,"parent":0,"menu_order":0,"comment_status":"closed","ping_status":"closed","template":"","meta":{"site-sidebar-layout":"default","site-content-layout":"default","ast-site-content-layout":"default","site-content-style":"default","site-sidebar-style":"default","ast-global-header-display":"","ast-banner-title-visibility":"","ast-main-header-display":"","ast-hfb-above-header-display":"","ast-hfb-below-header-display":"","ast-hfb-mobile-header-display":"","site-post-title":"","ast-breadcrumbs-content":"","ast-featured-img":"","footer-sml-layout":"","ast-disable-related-posts":"","theme-transparent-header-meta":"default","adv-header-id-meta":"","stick-header-meta":"","header-above-stick-meta":"","header-main-stick-meta":"","header-below-stick-meta":"","astra-migrate-meta-layouts":"default","ast-page-background-enabled":"default","ast-page-background-meta":{"desktop":{"background-color":"var(--ast-global-color-4)","background-image":"","background-repeat":"repeat","background-position":"center center","background-size":"auto","background-attachment":"scroll","background-type":"","background-media":"","overlay-type":"","overlay-color":"","overlay-opacity":"","overlay-gradient":""},"tablet":{"background-color":"","background-image":"","background-repeat":"repeat","background-position":"center center","background-size":"auto","background-attachment":"scroll","background-type":"","background-media":"","overlay-type":"","overlay-color":"","overlay-opacity":"","overlay-gradient":""},"mobile":{"background-color":"","background-image":"","background-repeat":"repeat","background-position":"center center","background-size":"auto","background-attachment":"scroll","background-type":"","background-media":"","overlay-type":"","overlay-color":"","overlay-opacity":"","overlay-gradient":""}},"ast-content-background-meta":{"desktop":{"background-color":"var(--ast-global-color-5)","background-image":"","background-repeat":"repeat","background-position":"center center","background-size":"auto","background-attachment":"scroll","background-type":"","background-media":"","overlay-type":"","overlay-color":"","overlay-opacity":"","overlay-gradient":""},"tablet":{"background-color":"var(--ast-global-color-5)","background-image":"","background-repeat":"repeat","background-position":"center center","background-size":"auto","background-attachment":"scroll","background-type":"","background-media":"","overlay-type":"","overlay-color":"","overlay-opacity":"","overlay-gradient":""},"mobile":{"background-color":"var(--ast-global-color-5)","background-image":"","background-repeat":"repeat","background-position":"center center","background-size":"auto","background-attachment":"scroll","background-type":"","background-media":"","overlay-type":"","overlay-color":"","overlay-opacity":"","overlay-gradient":""}},"footnotes":""},"class_list":["post-40","page","type-page","status-publish","hentry"],"_links":{"self":[{"href":"https:\/\/hotelunicornis.hu\/web\/wp-json\/wp\/v2\/pages\/40","targetHints":{"allow":["GET"]}}],"collection":[{"href":"https:\/\/hotelunicornis.hu\/web\/wp-json\/wp\/v2\/pages"}],"about":[{"href":"https:\/\/hotelunicornis.hu\/web\/wp-json\/wp\/v2\/types\/page"}],"author":[{"embeddable":true,"href":"https:\/\/hotelunicornis.hu\/web\/wp-json\/wp\/v2\/users\/4"}],"replies":[{"embeddable":true,"href":"https:\/\/hotelunicornis.hu\/web\/wp-json\/wp\/v2\/comments?post=40"}],"version-history":[{"count":20,"href":"https:\/\/hotelunicornis.hu\/web\/wp-json\/wp\/v2\/pages\/40\/revisions"}],"predecessor-version":[{"id":4047,"href":"https:\/\/hotelunicornis.hu\/web\/wp-json\/wp\/v2\/pages\/40\/revisions\/4047"}],"wp:attachment":[{"href":"https:\/\/hotelunicornis.hu\/web\/wp-json\/wp\/v2\/media?parent=40"}],"curies":[{"name":"wp","href":"https:\/\/api.w.org\/{rel}","templated":true}]}}