{"id":44,"date":"2018-07-02T13:36:35","date_gmt":"2018-07-02T13:36:35","guid":{"rendered":"https:\/\/hotelunicornis.hu\/web\/?page_id=44"},"modified":"2025-06-21T14:04:52","modified_gmt":"2025-06-21T12:04:52","slug":"konferenciak","status":"publish","type":"page","link":"https:\/\/hotelunicornis.hu\/web\/konferenciak\/","title":{"rendered":"KONFERENCI\u00c1K"},"content":{"rendered":"<div class=\"vce-row-container\" data-vce-boxed-width=\"true\"><div class=\"vce-row vce-row--col-gap-30 vce-row-equal-height vce-row-content--top\" id=\"el-75229cf2\" data-vce-do-apply=\"all el-75229cf2\"><div class=\"vce-row-content\" data-vce-element-content=\"true\"><div class=\"vce-col vce-col--md-auto vce-col--xs-1 vce-col--xs-last vce-col--xs-first vce-col--sm-last vce-col--sm-first vce-col--md-last vce-col--lg-last vce-col--xl-last vce-col--md-first vce-col--lg-first vce-col--xl-first\" id=\"el-0f5c17fb\"><div class=\"vce-col-inner\" data-vce-do-apply=\"border margin background  el-0f5c17fb\"><div class=\"vce-col-content\" data-vce-element-content=\"true\" data-vce-do-apply=\"padding el-0f5c17fb\"><div class=\"vce-simple-image-slider\" style=\"--backgroundPosition: center bottom; --pointerColor: #fff; --pointerColorHover: #fd9a00;\"><div class=\"vce-simple-image-slider-wrapper vce\" id=\"el-2530b782\" data-vce-do-apply=\"all el-2530b782\"><div class=\"vce-simple-image-slider-helper vce-simple-image-slider-aspect-ratio--custom\" style=\"padding-top: 31.25%;\"><div class=\"vce-simple-image-slider-list\" data-slick-autoplay=\"on\" data-slick-autoplay-delay=\"5000\" data-slick-effect=\"slideIn\" data-slick-dots=\"on\" data-slick-arrows=\"off\"><div class=\"slick-list\"><div class=\"slick-track\"><div class=\"vce-simple-image-slider-item vc-slick-item\"><div style=\"background-image:inherit\" class=\"vce-simple-image-slider-img vce-simple-image-slider-img--scale lazyload\" data-bg-image=\"url(https:\/\/hotelunicornis.hu\/web\/wp-content\/uploads\/2023\/02\/Hotel-Unicornis-szolgaltatasok-17.png)\"><img decoding=\"async\" data-src=\"https:\/\/hotelunicornis.hu\/web\/wp-content\/uploads\/2023\/02\/Hotel-Unicornis-szolgaltatasok-17.png\" style=\"--smush-placeholder-width: 1280px; --smush-placeholder-aspect-ratio: 1280\/853;opacity:0\" alt=\"\" src=\"data:image\/svg+xml;base64,PHN2ZyB3aWR0aD0iMSIgaGVpZ2h0PSIxIiB4bWxucz0iaHR0cDovL3d3dy53My5vcmcvMjAwMC9zdmciPjwvc3ZnPg==\" class=\"lazyload\"><\/div><\/div><\/div><\/div><\/div><div class=\"vce-simple-image-slider-dots\"><\/div><\/div><\/div><\/div><\/div><\/div><\/div><\/div><\/div><\/div><div class=\"vce-row-container\" data-vce-boxed-width=\"true\"><div class=\"vce-row vce-row--col-gap-30 vce-row-equal-height vce-row-content--top\" id=\"el-25ad918d\" data-vce-do-apply=\"all el-25ad918d\"><div class=\"vce-row-content\" data-vce-element-content=\"true\"><div class=\"vce-col vce-col--md-auto vce-col--xs-1 vce-col--xs-last vce-col--xs-first vce-col--sm-last vce-col--sm-first vce-col--md-last vce-col--lg-last vce-col--xl-last vce-col--md-first vce-col--lg-first vce-col--xl-first\" id=\"el-9e345895\"><div class=\"vce-col-inner\" data-vce-do-apply=\"border margin background  el-9e345895\"><div class=\"vce-col-content\" data-vce-element-content=\"true\" data-vce-do-apply=\"padding el-9e345895\"><div class=\"vce-text-block\"><div class=\"vce-text-block-wrapper vce\" id=\"el-d4204ac1\" data-vce-do-apply=\"all el-d4204ac1\"><h1><span style=\"font-family: 'Cinzel Decorative';\">Sz\u00e1llod\u00e1nk kiv\u00e1ll\u00f3 rendezv\u00e9nyek, konferenci\u00e1k helysz\u00edn\u00e9\u00fcl<\/span><\/h1><p><span style=\"font-family: 'Abhaya Libre'; font-size: 14pt;\">Ak\u00e1r 150 f\u0151s rendezv\u00e9nyek lebonyol\u00edt\u00e1s\u00e1ra is alkalmas!<\/span><\/p><p><span style=\"font-family: 'Abhaya Libre'; font-size: 14pt;\">A sz\u00e1lloda v\u00e1llalja konferenci\u00e1k, tov\u00e1bbk\u00e9pz\u00e9sek, term\u00e9kbemutat\u00f3k, tr\u00e9ningek \u00e9s egy\u00e9b \u00fczleti tal\u00e1lkoz\u00f3k megszervez\u00e9s\u00e9t.<\/span><\/p><h2>&nbsp;<\/h2><h2><span style=\"font-family: 'Abhaya Libre';\">L\u00c9GKOND\u00cdCION\u00c1LT HELYIS\u00c9G&nbsp;AK\u00c1R 150 F\u0150<\/span><\/h2><p><span style=\"font-family: 'Abhaya Libre'; font-size: 14pt;\">\u00cdzl\u00e9sesen berendezett, l\u00e9gkondicion\u00e1lt, legfeljebb 150 f\u0151s rendezv\u00e9nyek lebonyol\u00edt\u00e1s\u00e1ra alkalmas \u00e9tterem neves konyhaf\u0151n\u00f6k\u00fcnk ir\u00e1ny\u00edt\u00e1s\u00e1val<\/span><\/p><p>&nbsp;<\/p><p><span style=\"font-family: 'Abhaya Libre'; font-size: 14pt;\">A sz\u00e1lloda \u00e9tterm\u00e9ben, a k\u00e1v\u00e9z\u00f3ban, illetve a fedett, \u00fcvegezett teraszr\u00e9szen egyar\u00e1nt lehet\u0151s\u00e9g van konferenci\u00e1k, el\u0151ad\u00e1sok megtart\u00e1s\u00e1ra is.&nbsp;<br>A helyis\u00e9gben be\u00e9p\u00edtett projektor \u00e9s vet\u00edt\u0151v\u00e1szon tal\u00e1lhat\u00f3, ig\u00e9ny eset\u00e9n flipcharttal.<br>Az elrendez\u00e9s - l\u00e9tsz\u00e1m f\u00fcggv\u00e9ny\u00e9ben - lehet iskolapados, sz\u00e9ksoros, patk\u00f3s.<\/span><\/p><p><span style=\"font-family: 'Abhaya Libre'; font-size: 14pt;\">A bek\u00e9sz\u00edt\u00e9sek lehet\u0151s\u00e9gei:<br>- k\u00e1v\u00e9, tea<br>- \u00fcd\u00edt\u0151ital, \u00e1sv\u00e1nyv\u00edz<br>- szendvics, finger-food<br><br><em>(a pontos r\u00e9szletekr\u0151l k\u00e9rj\u00fck, \u00e9rdekl\u0151dj\u00f6n el\u00e9rhet\u0151s\u00e9geinken)<\/em><br><br><\/span><\/p><h2><span style=\"font-family: 'Abhaya Libre';\">A sz\u00e1lloda v\u00e1llalja konferenci\u00e1k, tov\u00e1bbk\u00e9pz\u00e9sek, term\u00e9kbemutat\u00f3k, tr\u00e9ningek \u00e9s egy\u00e9b \u00fczleti tal\u00e1lkoz\u00f3k megrendez\u00e9s\u00e9t.<\/span><\/h2><\/div><\/div><\/div><\/div><\/div><\/div><\/div><\/div><div class=\"vce-row-container\" data-vce-boxed-width=\"true\"><div class=\"vce-row vce-row--col-gap-30 vce-row-equal-height vce-row-content--top\" id=\"el-d8ff3c85\" data-vce-do-apply=\"all el-d8ff3c85\"><div class=\"vce-row-content\" data-vce-element-content=\"true\"><div class=\"vce-col vce-col--md-auto vce-col--xs-1 vce-col--xs-last vce-col--xs-first vce-col--sm-last vce-col--sm-first vce-col--md-last vce-col--lg-last vce-col--xl-last vce-col--md-first vce-col--lg-first vce-col--xl-first\" id=\"el-75cddb4f\"><div class=\"vce-col-inner\" data-vce-do-apply=\"border margin background  el-75cddb4f\"><div class=\"vce-col-content\" data-vce-element-content=\"true\" data-vce-do-apply=\"padding el-75cddb4f\"><div class=\"vce-image-gallery vce-image-gallery--gap-10 vce-image-gallery--columns-3\"><div class=\"vce-image-gallery-wrapper vce\" id=\"el-d67e1413\" data-vce-do-apply=\"all el-d67e1413\"><div class=\"vce-image-gallery-list\"><div class=\"vce-image-gallery-item\"><figure class=\"vce-image-gallery-item-inner-wrapper\"><a href=\"https:\/\/hotelunicornis.hu\/web\/wp-content\/uploads\/2023\/02\/Hotel-Unicornis-szolgaltatasok-24.jpeg\" data-lightbox=\"lightbox-d67e1413\" class=\"vce-image-gallery-item-inner\"><img decoding=\"async\" class=\"vce-image-gallery-img lazyload\" data-src=\"https:\/\/hotelunicornis.hu\/web\/wp-content\/uploads\/2023\/02\/Hotel-Unicornis-szolgaltatasok-24-1024x682.jpeg\" alt=\"\" title=\"Hotel-Unicornis-szolga\u0301ltata\u0301sok-24\" src=\"data:image\/svg+xml;base64,PHN2ZyB3aWR0aD0iMSIgaGVpZ2h0PSIxIiB4bWxucz0iaHR0cDovL3d3dy53My5vcmcvMjAwMC9zdmciPjwvc3ZnPg==\" style=\"--smush-placeholder-width: 1024px; --smush-placeholder-aspect-ratio: 1024\/682;\"><\/a><\/figure><\/div><div class=\"vce-image-gallery-item\"><figure class=\"vce-image-gallery-item-inner-wrapper\"><a href=\"https:\/\/hotelunicornis.hu\/web\/wp-content\/uploads\/2023\/02\/Hotel-Unicornis-szolgaltatasok-18.jpeg\" data-lightbox=\"lightbox-d67e1413\" class=\"vce-image-gallery-item-inner\"><img decoding=\"async\" class=\"vce-image-gallery-img lazyload\" data-src=\"https:\/\/hotelunicornis.hu\/web\/wp-content\/uploads\/2023\/02\/Hotel-Unicornis-szolgaltatasok-18-1024x682.jpeg\" alt=\"\" title=\"Hotel-Unicornis-szolga\u0301ltata\u0301sok-18\" src=\"data:image\/svg+xml;base64,PHN2ZyB3aWR0aD0iMSIgaGVpZ2h0PSIxIiB4bWxucz0iaHR0cDovL3d3dy53My5vcmcvMjAwMC9zdmciPjwvc3ZnPg==\" style=\"--smush-placeholder-width: 1024px; --smush-placeholder-aspect-ratio: 1024\/682;\"><\/a><\/figure><\/div><div class=\"vce-image-gallery-item\"><figure class=\"vce-image-gallery-item-inner-wrapper\"><a href=\"https:\/\/hotelunicornis.hu\/web\/wp-content\/uploads\/2023\/02\/Hotel-Unicornis-Eger-5.jpg\" data-lightbox=\"lightbox-d67e1413\" class=\"vce-image-gallery-item-inner\"><img decoding=\"async\" class=\"vce-image-gallery-img lazyload\" data-src=\"https:\/\/hotelunicornis.hu\/web\/wp-content\/uploads\/2023\/02\/Hotel-Unicornis-Eger-5-1024x576.jpg\" alt=\"\" title=\"Hotel-Unicornis-Eger-5\" src=\"data:image\/svg+xml;base64,PHN2ZyB3aWR0aD0iMSIgaGVpZ2h0PSIxIiB4bWxucz0iaHR0cDovL3d3dy53My5vcmcvMjAwMC9zdmciPjwvc3ZnPg==\" style=\"--smush-placeholder-width: 1024px; --smush-placeholder-aspect-ratio: 1024\/576;\"><\/a><\/figure><\/div><\/div><\/div><\/div><\/div><\/div><\/div><\/div><\/div><\/div><div class=\"vce-row-container\" data-vce-boxed-width=\"true\"><div class=\"vce-row vce-row--col-gap-30 vce-row-equal-height vce-row-content--top\" id=\"el-7259e5f6\" data-vce-do-apply=\"all el-7259e5f6\"><div class=\"vce-row-content\" data-vce-element-content=\"true\"><div class=\"vce-col vce-col--md-auto vce-col--xs-1 vce-col--xs-last vce-col--xs-first vce-col--sm-last vce-col--sm-first vce-col--md-last vce-col--lg-last vce-col--xl-last vce-col--md-first vce-col--lg-first vce-col--xl-first\" id=\"el-ad71a403\"><div class=\"vce-col-inner\" data-vce-do-apply=\"border margin background  el-ad71a403\"><div class=\"vce-col-content\" data-vce-element-content=\"true\" data-vce-do-apply=\"padding el-ad71a403\"><div class=\"vce-button--style-basic-container vce-button--style-basic-container--align-center\"><span class=\"vce-button--style-basic-wrapper vce\" id=\"el-71ee17c6\" data-vce-do-apply=\"margin el-71ee17c6\"><a class=\"vce-button vce-button--style-basic vce-button--style-basic--border-rounded vce-button--style-basic--size-medium vce-button--style-basic--color-b-53-83-128--fff\" href=\"https:\/\/hotelunicornis.hu\/web\/ajanlatkeres-2\/\" title=\"\" data-vce-do-apply=\"padding border background  el-71ee17c6\">Aj\u00e1nlatk\u00e9r\u00e9s<\/a><\/span><\/div><\/div><\/div><\/div><\/div><\/div><\/div>\n","protected":false},"excerpt":{"rendered":"<p>Sz\u00e1llod\u00e1nk kiv\u00e1ll\u00f3 rendezv\u00e9nyek, konferenci\u00e1k helysz\u00edn\u00e9\u00fclAk\u00e1r 150 f\u0151s rendezv\u00e9nyek lebonyol\u00edt\u00e1s\u00e1ra is alkalmas!A sz\u00e1lloda v\u00e1llalja konferenci\u00e1k, tov\u00e1bbk\u00e9pz\u00e9sek, term\u00e9kbemutat\u00f3k, tr\u00e9ningek \u00e9s egy\u00e9b \u00fczleti tal\u00e1lkoz\u00f3k megszervez\u00e9s\u00e9t.&nbsp;L\u00c9GKOND\u00cdCION\u00c1LT HELYIS\u00c9G&nbsp;AK\u00c1R 150 F\u0150\u00cdzl\u00e9sesen berendezett, l\u00e9gkondicion\u00e1lt, legfeljebb 150 f\u0151s rendezv\u00e9nyek lebonyol\u00edt\u00e1s\u00e1ra alkalmas \u00e9tterem neves konyhaf\u0151n\u00f6k\u00fcnk ir\u00e1ny\u00edt\u00e1s\u00e1val&nbsp;A sz\u00e1lloda \u00e9tterm\u00e9ben, a k\u00e1v\u00e9z\u00f3ban, illetve a fedett, \u00fcvegezett teraszr\u00e9szen egyar\u00e1nt lehet\u0151s\u00e9g van konferenci\u00e1k, el\u0151ad\u00e1sok megtart\u00e1s\u00e1ra is.&nbsp;A helyis\u00e9gben be\u00e9p\u00edtett [&hellip;]<\/p>\n","protected":false},"author":4,"featured_media":0,"parent":0,"menu_order":0,"comment_status":"closed","ping_status":"closed","template":"","meta":{"site-sidebar-layout":"default","site-content-layout":"","ast-site-content-layout":"default","site-content-style":"default","site-sidebar-style":"default","ast-global-header-display":"","ast-banner-title-visibility":"","ast-main-header-display":"","ast-hfb-above-header-display":"","ast-hfb-below-header-display":"","ast-hfb-mobile-header-display":"","site-post-title":"","ast-breadcrumbs-content":"","ast-featured-img":"","footer-sml-layout":"","ast-disable-related-posts":"","theme-transparent-header-meta":"","adv-header-id-meta":"","stick-header-meta":"","header-above-stick-meta":"","header-main-stick-meta":"","header-below-stick-meta":"","astra-migrate-meta-layouts":"default","ast-page-background-enabled":"default","ast-page-background-meta":{"desktop":{"background-color":"var(--ast-global-color-4)","background-image":"","background-repeat":"repeat","background-position":"center center","background-size":"auto","background-attachment":"scroll","background-type":"","background-media":"","overlay-type":"","overlay-color":"","overlay-opacity":"","overlay-gradient":""},"tablet":{"background-color":"","background-image":"","background-repeat":"repeat","background-position":"center center","background-size":"auto","background-attachment":"scroll","background-type":"","background-media":"","overlay-type":"","overlay-color":"","overlay-opacity":"","overlay-gradient":""},"mobile":{"background-color":"","background-image":"","background-repeat":"repeat","background-position":"center center","background-size":"auto","background-attachment":"scroll","background-type":"","background-media":"","overlay-type":"","overlay-color":"","overlay-opacity":"","overlay-gradient":""}},"ast-content-background-meta":{"desktop":{"background-color":"var(--ast-global-color-5)","background-image":"","background-repeat":"repeat","background-position":"center center","background-size":"auto","background-attachment":"scroll","background-type":"","background-media":"","overlay-type":"","overlay-color":"","overlay-opacity":"","overlay-gradient":""},"tablet":{"background-color":"var(--ast-global-color-5)","background-image":"","background-repeat":"repeat","background-position":"center center","background-size":"auto","background-attachment":"scroll","background-type":"","background-media":"","overlay-type":"","overlay-color":"","overlay-opacity":"","overlay-gradient":""},"mobile":{"background-color":"var(--ast-global-color-5)","background-image":"","background-repeat":"repeat","background-position":"center center","background-size":"auto","background-attachment":"scroll","background-type":"","background-media":"","overlay-type":"","overlay-color":"","overlay-opacity":"","overlay-gradient":""}},"footnotes":""},"class_list":["post-44","page","type-page","status-publish","hentry"],"_links":{"self":[{"href":"https:\/\/hotelunicornis.hu\/web\/wp-json\/wp\/v2\/pages\/44","targetHints":{"allow":["GET"]}}],"collection":[{"href":"https:\/\/hotelunicornis.hu\/web\/wp-json\/wp\/v2\/pages"}],"about":[{"href":"https:\/\/hotelunicornis.hu\/web\/wp-json\/wp\/v2\/types\/page"}],"author":[{"embeddable":true,"href":"https:\/\/hotelunicornis.hu\/web\/wp-json\/wp\/v2\/users\/4"}],"replies":[{"embeddable":true,"href":"https:\/\/hotelunicornis.hu\/web\/wp-json\/wp\/v2\/comments?post=44"}],"version-history":[{"count":9,"href":"https:\/\/hotelunicornis.hu\/web\/wp-json\/wp\/v2\/pages\/44\/revisions"}],"predecessor-version":[{"id":3711,"href":"https:\/\/hotelunicornis.hu\/web\/wp-json\/wp\/v2\/pages\/44\/revisions\/3711"}],"wp:attachment":[{"href":"https:\/\/hotelunicornis.hu\/web\/wp-json\/wp\/v2\/media?parent=44"}],"curies":[{"name":"wp","href":"https:\/\/api.w.org\/{rel}","templated":true}]}}