{"id":3930,"date":"2025-12-15T11:30:04","date_gmt":"2025-12-15T10:30:04","guid":{"rendered":"https:\/\/hotelunicornis.hu\/web\/?post_type=product&#038;p=3930"},"modified":"2025-12-17T14:54:41","modified_gmt":"2025-12-17T13:54:41","slug":"belvarosi-pihenes-termalfurdozessel-es-a-haz-boraval","status":"publish","type":"product","link":"https:\/\/hotelunicornis.hu\/web\/termek\/belvarosi-pihenes-termalfurdozessel-es-a-haz-boraval\/","title":{"rendered":"Belv\u00e1rosi pihen\u00e9s term\u00e1lf\u00fcrd\u0151z\u00e9ssel \u00e9s a h\u00e1z bor\u00e1val"},"content":{"rendered":"<div id=\"content\" class=\"site-content\">\n<div class=\"ast-container\">\n<div id=\"primary\" class=\"content-area primary\">\n<article id=\"post-2919\" class=\"post-2919 page type-page status-publish ast-article-single\">\n<div class=\"entry-content clear\">\n<div class=\"vce-row-container\" data-vce-boxed-width=\"true\">\n<div id=\"el-4e78cf11\" class=\"vce-row vce-row--col-gap-30 vce-row-equal-height vce-row-content--top\" data-vce-do-apply=\"all el-4e78cf11\">\n<div class=\"vce-row-content\" data-vce-element-content=\"true\">\n<div id=\"el-32d8bac8\" class=\"vce-col vce-col--md-auto vce-col--xs-1 vce-col--xs-last vce-col--xs-first vce-col--sm-last vce-col--sm-first vce-col--md-last vce-col--lg-last vce-col--xl-last vce-col--md-first vce-col--lg-first vce-col--xl-first\">\n<div class=\"vce-col-inner\" data-vce-do-apply=\"border margin background el-32d8bac8\">\n<div class=\"vce-col-content\" data-vce-element-content=\"true\" data-vce-do-apply=\"padding el-32d8bac8\">\n<div class=\"vce-text-block\">\n<div id=\"el-1ad55d72\" class=\"vce-text-block-wrapper vce\" data-vce-do-apply=\"all el-1ad55d72\">\n<p><strong><u>Az aj\u00e1nlat tartalma:<\/u><\/strong><\/p>\n<p><em>-3 nap\/2 \u00e9jszaka sz\u00e1ll\u00e1s 2 f\u0151 r\u00e9sz\u00e9re, k\u00e9t\u00e1gyas szob\u00e1ban<\/em><\/p>\n<p><em>-gazdag k\u00edn\u00e1lat\u00fa f\u00e9lpanzi\u00f3s ell\u00e1t\u00e1s: sv\u00e9dasztalos reggeli \u00e9s vacsora<br \/>\n(\u00e9rkez\u00e9s napj\u00e1n vacsor\u00e1val kezd\u0151dik, t\u00e1voz\u00e1skor reggelivel \u00e9r v\u00e9get; <\/em><\/p>\n<p><em>-vacsor\u00e1n\u00e1l korl\u00e1tlan h\u00e1z bora fogyaszt\u00e1ssal<\/em><\/p>\n<p><em>-500,- HUF\/f\u0151 kedvezm\u00e9ny az eb\u00e9d \u00e1r\u00e1b\u00f3l az Unicornis \u00c9tteremben <\/em><\/p>\n<p><em>-1000,- HUF\/palack\u00a0 kedvezm\u00e9ny az &#8222;Unicornis V\u00e9re&#8221; \u00e9s az &#8222;Unicornis Csillaga&#8221; palackos borainkb\u00f3l <\/em><\/p>\n<p><em>-aj\u00e1nd\u00e9k 1 t\u00f6r\u00f6k tea\/f\u0151 az egri Oszm\u00e1n s\u00e1torban <\/em><\/p>\n<p><em>-aj\u00e1nd\u00e9k 1 poh\u00e1r bor\/f\u0151 a sz\u00e9passzonyv\u00f6lgyben \u00a0Borzb\u00e1r (33-as pince)<\/em><\/p>\n<p><em>-10 % kedvezm\u00e9ny (v\u00e1s\u00e1rl\u00e1s vagy helyben fogyaszt\u00e1s) a sz\u00e9passzonyv\u00f6lgyben a Hagym\u00e1si Pinc\u00e9szetben(19-es pince)<\/em><\/p>\n<p><em>-Siroki v\u00e1r bel\u00e9p\u0151 \u00e1r\u00e1b\u00f3l 20% kedvezm\u00e9ny<\/em><\/p>\n<p><em>-t\u00f6r\u00f6lk\u00f6z\u0151 \u00e9s hajsz\u00e1r\u00edt\u00f3 bek\u00e9sz\u00edt\u00e9s a szob\u00e1ba<\/em><\/p>\n<p><em>-\u00e9rt\u00e9kmeg\u0151rz\u00e9s a recepci\u00f3n tal\u00e1lhat\u00f3 sz\u00e9fben<\/em><\/p>\n<p><em>-ingyenes \u00e9s korl\u00e1tlan WI-FI hozz\u00e1f\u00e9r\u00e9si lehet\u0151s\u00e9g<\/em><\/p>\n<p><em>-szem\u00e9lyenk\u00e9nti aj\u00e1nd\u00e9k term\u00e1l f\u00fcrd\u0151 bel\u00e9p\u0151 az egri Term\u00e1l- \u00e9s Strandf\u00fcrd\u0151be (az elt\u00f6lt\u00f6tt \u00e9jszak\u00e1k sz\u00e1m\u00e1val megegyez\u0151 sz\u00e1m\u00fa)<\/em><\/p>\n<p>&nbsp;<\/p>\n<p><strong>Gyermekkedvezm\u00e9nyek:<\/strong><\/p>\n<p>0-3,99 \u00e9v k\u00f6z\u00f6tt: a sz\u00e1ll\u00e1s ingyenes<\/p>\n<p>0-3,99 \u00e9v k\u00f6z\u00f6tt f\u00e9lpanzi\u00f3s ell\u00e1t\u00e1s ig\u00e9nyelhet\u0151: 5.000,- HUF\/f\u0151\/\u00e9j<\/p>\n<p>4-9,99 \u00e9v k\u00f6z\u00f6tt: 15.000,- HUF\/f\u0151\/\u00e9j<\/p>\n<p>10 \u00e9ves kort\u00f3l: 20.000 ,- HUF\/f\u0151\/\u00e9j<\/p>\n<p><strong>Fel\u00e1rak:<\/strong><\/p>\n<p>\u00c9jszaka hosszabb\u00edt\u00e1s: 34.999 ,-HUF\/2 f\u0151\/\u00e9j<\/p>\n<p>H\u00e9tv\u00e9gi fel\u00e1r: 15.000,- HUF\/utalv\u00e1ny (p\u00e9ntek \u00e9s\/vagy szombat \u00e9jszaka)<\/p>\n<p>F\u0151szezoni fel\u00e1r ( 2026.07.01- 08.31): utalv\u00e1nyonk\u00e9nt\u00a0\u00a0 20.000 ft<\/p>\n<p>\u00dcnnepi fel\u00e1r (\u00e1llamilag elismert \u00fcnnepek, kiemelt id\u0151szakok)2026 \u00c1prilis 3-t\u00f3l-2026.04.06-ig,2026.05.22-t\u0151l-2026.05.25-ig,2026.08.19-t\u0151l-2026.08.23-ig,2026.10.22-t\u0151l-2026.10.25-ig 20.000,- HUF\/utalv\u00e1ny)<\/p>\n<p>Idegenforgalmi ad\u00f3 2026-\u00e9vben 750 ft\/f\u0151\/\u00e9j<\/p>\n<p>Parkol\u00e1s: 2.500,- HUF\/aut\u00f3\/\u00e9j (k\u00fcls\u0151 \u00e9s bels\u0151 parkol\u00f3ra egyar\u00e1nt)<\/p>\n<p>Kis\u00e1llat fel\u00e1r: 5.000,- HUF\/kis\u00e1llat\/\u00e9j<\/p>\n<p><strong>\u00c9RV\u00c9NYESS\u00c9G \u00c9S FIZET\u00c9S<\/strong><\/p>\n<p>Az utalv\u00e1ny felhaszn\u00e1lhat\u00f3: 2025.12.12\u00a0 \u00e9s\u00a0 2026.12.24. k\u00f6z\u00f6tt, h\u00e9tk\u00f6znapokon. H\u00e9tv\u00e9g\u00e9ken \u00e9s \u00fcnnepi id\u0151szakokban (\u00e1llamilag elismert \u00fcnnepek; a sz\u00e1lloda \u00e1ltal meghat\u00e1rozott, kiemelt id\u0151szakok) fel\u00e1r ellen\u00e9ben, a szabad helyek f\u00fcggv\u00e9ny\u00e9ben, a sz\u00e1llod\u00e1val el\u0151re egyeztetett id\u0151pontban, \u00edr\u00e1sos visszaigazol\u00e1s alapj\u00e1n. Amennyiben az \u00fcnnepi id\u0151szak minimum \u00e9jszak\u00e1hoz van k\u00f6tve, a plusz \u00e9jszaka megrendel\u00e9se k\u00f6telez\u0151!<\/p>\n<p>Figyelem! Az utalv\u00e1ny megv\u00e1s\u00e1rl\u00e1sa nem jelent automatikus sz\u00e1ll\u00e1sfoglal\u00e1st!<\/p>\n<p>Az aj\u00e1nlat lefoglal\u00e1sa ut\u00e1n 5 napon bel\u00fcl a teljes r\u00e9szv\u00e9teli d\u00edjat ki kell egyenl\u00edteni.<\/p>\n<\/div>\n<\/div>\n<\/div>\n<\/div>\n<\/div>\n<\/div>\n<\/div>\n<\/div>\n<\/div>\n<\/article>\n<p>&nbsp;<\/p>\n<\/div>\n<\/div>\n<\/div>\n","protected":false},"excerpt":{"rendered":"<h1><strong>Belv\u00e1rosi pihen\u00e9s\u00a0\u00a0 Egerben a Hotel Unicornisban ,Egri term\u00e1lf\u00fcrd\u0151z\u00e9ssel \u00e9s h\u00e1z bor\u00e1val\u00a0 a vacsor\u00e1n\u00e1l <\/strong><\/h1>\n<h2>64.990,- HUF<\/h2>\n<p>&nbsp;<\/p>\n<h3 data-start=\"208\" data-end=\"273\">Belv\u00e1rosi kikapcsol\u00f3d\u00e1s, ahol a pihen\u00e9s \u00edze is k\u00fcl\u00f6nleges<\/h3>\n<p data-start=\"275\" data-end=\"623\">Fedezd fel Eger t\u00f6rt\u00e9nelmi belv\u00e1ros\u00e1t \u00e9s \u00e9lvezd a gondtalan felt\u00f6lt\u0151d\u00e9st a Hotel Unicornisban!<br data-start=\"369\" data-end=\"372\" \/>K\u00e9nyelmes sz\u00e1ll\u00e1s, gazdag reggeli \u00e9s vacsora <strong data-start=\"417\" data-end=\"442\">korl\u00e1tlan h\u00e1z bor\u00e1val<\/strong>, aj\u00e1nd\u00e9k term\u00e1lf\u00fcrd\u0151-bel\u00e9p\u0151k, \u00e9s k\u00fcl\u00f6nleges egri \u00e9lm\u00e9nyek v\u00e1rnak r\u00e1d.<br data-start=\"512\" data-end=\"515\" \/>Ez a csomag nemcsak pihen\u00e9s, hanem <strong data-start=\"558\" data-end=\"568\">\u00e9lm\u00e9ny<\/strong> minden \u00e9rz\u00e9kednek \u2013 el\u00e9rhet\u0151 \u00e1ron, h\u00e9tk\u00f6znapokon is!<\/p>\n<p data-start=\"625\" data-end=\"802\">Eger belv\u00e1ros\u00e1ban, gyalog minden l\u00e1tnival\u00f3<br data-start=\"670\" data-end=\"673\" \/>Term\u00e1lf\u00fcrd\u0151z\u00e9s, t\u00f6r\u00f6k tea, borospince, v\u00e1rl\u00e1togat\u00e1s<br data-start=\"727\" data-end=\"730\" \/>\u00a0Mind\u00f6ssze <strong data-start=\"743\" data-end=\"766\">64.990 Ft\/2 f\u0151\/2 \u00e9j<\/strong> \u2013 ennyi\u00e9rt most igaz\u00e1n sokat kapsz!<\/p>\n<h2><\/h2>\n","protected":false},"featured_media":2917,"comment_status":"closed","ping_status":"closed","template":"","meta":{"site-sidebar-layout":"default","site-content-layout":"default","ast-site-content-layout":"default","site-content-style":"default","site-sidebar-style":"default","ast-global-header-display":"","ast-banner-title-visibility":"","ast-main-header-display":"","ast-hfb-above-header-display":"","ast-hfb-below-header-display":"","ast-hfb-mobile-header-display":"","site-post-title":"","ast-breadcrumbs-content":"","ast-featured-img":"","footer-sml-layout":"","ast-disable-related-posts":"","theme-transparent-header-meta":"default","adv-header-id-meta":"","stick-header-meta":"","header-above-stick-meta":"","header-main-stick-meta":"","header-below-stick-meta":"","astra-migrate-meta-layouts":"set","ast-page-background-enabled":"default","ast-page-background-meta":{"desktop":{"background-color":"var(--ast-global-color-4)","background-image":"","background-repeat":"repeat","background-position":"center center","background-size":"auto","background-attachment":"scroll","background-type":"","background-media":"","overlay-type":"","overlay-color":"","overlay-opacity":"","overlay-gradient":""},"tablet":{"background-color":"","background-image":"","background-repeat":"repeat","background-position":"center center","background-size":"auto","background-attachment":"scroll","background-type":"","background-media":"","overlay-type":"","overlay-color":"","overlay-opacity":"","overlay-gradient":""},"mobile":{"background-color":"","background-image":"","background-repeat":"repeat","background-position":"center center","background-size":"auto","background-attachment":"scroll","background-type":"","background-media":"","overlay-type":"","overlay-color":"","overlay-opacity":"","overlay-gradient":""}},"ast-content-background-meta":{"desktop":{"background-color":"var(--ast-global-color-5)","background-image":"","background-repeat":"repeat","background-position":"center center","background-size":"auto","background-attachment":"scroll","background-type":"","background-media":"","overlay-type":"","overlay-color":"","overlay-opacity":"","overlay-gradient":""},"tablet":{"background-color":"var(--ast-global-color-5)","background-image":"","background-repeat":"repeat","background-position":"center center","background-size":"auto","background-attachment":"scroll","background-type":"","background-media":"","overlay-type":"","overlay-color":"","overlay-opacity":"","overlay-gradient":""},"mobile":{"background-color":"var(--ast-global-color-5)","background-image":"","background-repeat":"repeat","background-position":"center center","background-size":"auto","background-attachment":"scroll","background-type":"","background-media":"","overlay-type":"","overlay-color":"","overlay-opacity":"","overlay-gradient":""}}},"product_brand":[],"product_cat":[17,18],"product_tag":[],"class_list":{"0":"post-3930","1":"product","2":"type-product","3":"status-publish","4":"has-post-thumbnail","6":"product_cat-ajandekutalvany","7":"product_cat-giftcoupon","8":"desktop-align-left","9":"tablet-align-left","10":"mobile-align-left","12":"first","13":"instock","14":"virtual","15":"purchasable","16":"product-type-simple"},"_links":{"self":[{"href":"https:\/\/hotelunicornis.hu\/web\/wp-json\/wp\/v2\/product\/3930","targetHints":{"allow":["GET"]}}],"collection":[{"href":"https:\/\/hotelunicornis.hu\/web\/wp-json\/wp\/v2\/product"}],"about":[{"href":"https:\/\/hotelunicornis.hu\/web\/wp-json\/wp\/v2\/types\/product"}],"replies":[{"embeddable":true,"href":"https:\/\/hotelunicornis.hu\/web\/wp-json\/wp\/v2\/comments?post=3930"}],"wp:featuredmedia":[{"embeddable":true,"href":"https:\/\/hotelunicornis.hu\/web\/wp-json\/wp\/v2\/media\/2917"}],"wp:attachment":[{"href":"https:\/\/hotelunicornis.hu\/web\/wp-json\/wp\/v2\/media?parent=3930"}],"wp:term":[{"taxonomy":"product_brand","embeddable":true,"href":"https:\/\/hotelunicornis.hu\/web\/wp-json\/wp\/v2\/product_brand?post=3930"},{"taxonomy":"product_cat","embeddable":true,"href":"https:\/\/hotelunicornis.hu\/web\/wp-json\/wp\/v2\/product_cat?post=3930"},{"taxonomy":"product_tag","embeddable":true,"href":"https:\/\/hotelunicornis.hu\/web\/wp-json\/wp\/v2\/product_tag?post=3930"}],"curies":[{"name":"wp","href":"https:\/\/api.w.org\/{rel}","templated":true}]}}