{"id":849,"date":"2019-10-31T07:26:37","date_gmt":"2019-10-31T07:26:37","guid":{"rendered":"https:\/\/hotelunicornis.hu\/web\/?post_type=product&#038;p=849"},"modified":"2026-01-22T07:40:38","modified_gmt":"2026-01-22T06:40:38","slug":"kikapcsolodas-az-egri-hotel-unicornisban-ajandekutalvany","status":"publish","type":"product","link":"https:\/\/hotelunicornis.hu\/web\/termek\/kikapcsolodas-az-egri-hotel-unicornisban-ajandekutalvany\/","title":{"rendered":"\u201ePikk-pakk\u201d csomag"},"content":{"rendered":"<h2><u>A csomag tartalma:<\/u><\/h2>\n<ul>\n<li><strong>3 nap\/2 \u00e9jszaka sz\u00e1ll\u00e1s 2 f\u0151 r\u00e9sz\u00e9re, k\u00e9t\u00e1gyas szob\u00e1ban<\/strong><\/li>\n<li><strong>sv\u00e9dasztalos reggeli<\/strong><\/li>\n<li><span style=\"font-family: 'Abhaya Libre'; font-size: 16pt;\">szem\u00e9lyenk\u00e9nti aj\u00e1nd\u00e9k term\u00e1l f\u00fcrd\u0151 bel\u00e9p\u0151 az egri Term\u00e1l- \u00e9s Strandf\u00fcrd\u0151be (az elt\u00f6lt\u00f6tt \u00e9jszak\u00e1k sz\u00e1m\u00e1val megegyez\u0151 sz\u00e1m\u00fa)<\/span><\/li>\n<li>t\u00f6r\u00f6lk\u00f6z\u0151 \u00e9s hajsz\u00e1r\u00edt\u00f3 bek\u00e9sz\u00edt\u00e9s a szob\u00e1ba<\/li>\n<li>\u00e9rt\u00e9kmeg\u0151rz\u00e9s a recepci\u00f3n tal\u00e1lhat\u00f3 sz\u00e9fben<\/li>\n<li>ingyenes \u00e9s korl\u00e1tlan WI-FI hozz\u00e1f\u00e9r\u00e9si lehet\u0151s\u00e9g<\/li>\n<\/ul>\n<h2><strong><u>A csomag \u00e9rv\u00e9nyess\u00e9ge:<\/u><\/strong><u>\u00a0<\/u><\/h2>\n<p>2026.05.31-ig h\u00e9tk\u00f6znaponk\u00e9nt.<\/p>\n<p>H\u00e9tv\u00e9g\u00e9n \u00e9s \u00fcnnepi id\u0151szakban (\u00e1llamilag elismert \u00fcnnepek; a sz\u00e1lloda \u00e1ltal meghat\u00e1rozott, kiemelt id\u0151szakok) fel\u00e1r ellen\u00e9ben, a szabad helyek f\u00fcggv\u00e9ny\u00e9ben, a sz\u00e1llod\u00e1val el\u0151re egyeztetett id\u0151pontban, \u00edr\u00e1sos visszaigazol\u00e1s alapj\u00e1n. Amennyiben az \u00fcnnepi id\u0151szak minimum \u00e9jszak\u00e1hoz van k\u00f6tve, a plusz \u00e9jszaka megrendel\u00e9se k\u00f6telez\u0151.<\/p>\n<p>A csomag\u00e1r az idegenforgalmi ad\u00f3t NEM tartalmazza!<\/p>\n<h2><strong><u>Gyermek fel\u00e1r:<\/u><\/strong><\/h2>\n<ul>\n<li>0-3,99 \u00e9v k\u00f6z\u00f6tt: a sz\u00e1ll\u00e1s ingyenes<\/li>\n<li>0-3,99 \u00e9v k\u00f6z\u00f6tt 5.499,- HUF\/f\u0151\/\u00e9j<\/li>\n<li>4-9,99 \u00e9v k\u00f6z\u00f6tt: 8.499,- HUF\/f\u0151\/\u00e9j<\/li>\n<li>10 \u00e9ves kort\u00f3l: 11.500,- HUF\/f\u0151\/\u00e9j<\/li>\n<\/ul>\n<p>A gyermek\u00e1rak a sz\u00fcl\u0151kkel egy szob\u00e1ban t\u00f6rt\u00e9n\u0151 elhelyez\u00e9s eset\u00e9n \u00e9rv\u00e9nyesek a sz\u00e1ll\u00e1shely adotts\u00e1gai szerint. A gyermek\u00e1rak mindig annyi gyermekre \u00e9rv\u00e9nyesek, ah\u00e1ny feln\u0151tt \u00e1rat fizet\u0151 feln\u0151ttel ker\u00fclnek elhelyez\u00e9sre egy szob\u00e1ban (3 vagy t\u00f6bb gyermek foglal\u00e1sa eset\u00e9n k\u00e9rje t\u00e1j\u00e9koztat\u00e1sunkat).<\/p>\n<h2><u>Egy\u00e9b tudnival\u00f3k\/ fel\u00e1rak:<\/u><\/h2>\n<ul>\n<li><strong>Utalv\u00e1ny \u00e9jszaka hosszabb\u00edt\u00e1sa:\u00a0<\/strong>23<strong>.<\/strong>000,- HUF\/2 f\u0151\/\u00e9j<\/li>\n<li><strong>H\u00e9tv\u00e9gi fel\u00e1r:<\/strong>+15.000,- HUF\/csomag (p\u00e9ntek \u00e9s\/vagy szombat \u00e9j)<\/li>\n<li><strong>Szezon fel\u00e1r\u00a0<\/strong>(2025.06.29-08.31.)<strong>\u00a0:<\/strong>+20.000,- HUF\/csomag<\/li>\n<li><strong>\u00dcnnepi fel\u00e1r:\u00a0<\/strong>+ 20.000,- HUF \/csomag<\/li>\n<li><strong>Egy\u00e1gyas fel\u00e1r\u00a0<\/strong>(k\u00e9t\u00e1gyas szob\u00e1ban t\u00f6rt\u00e9n\u0151 elhelyez\u00e9s eset\u00e9n)<strong>:<\/strong>+ 10.000.- HUF\/f\u0151<\/li>\n<li><strong>Standard h\u00e1rom\u00e1gyas szoba fel\u00e1r\u00a0<\/strong>(k\u00e9t szem\u00e9ly elhelyez\u00e9se eset\u00e9n): + 5.000.- HUF\/csomag<\/li>\n<li><strong>Standard n\u00e9gy\u00e1gyas szoba fel\u00e1r\u00a0<\/strong>(k\u00e9t szem\u00e9ly elhelyez\u00e9se eset\u00e9n): + 8.000.- HUF\/csomag<\/li>\n<li><strong>Parkol\u00f3hely d\u00edja:\u00a0<\/strong>+2000.- HUF\/\u00e9jszaka\/g\u00e9pj\u00e1rm\u0171<\/li>\n<li><strong>Kis\u00e1llat fel\u00e1r:<\/strong>+5000.- HUF\/kis\u00e1llat\/\u00e9j<\/li>\n<\/ul>\n<p>Az utalv\u00e1ny megv\u00e1s\u00e1rl\u00e1s\u00e1t k\u00f6vet\u0151en az\u00a0info@hotelunicornis.hu\u00a0c\u00edmen, \u00edr\u00e1sban sz\u00fcks\u00e9ges a sz\u00e1ll\u00e1shelyet lefoglalni, melyet a sz\u00e1lloda szabad kapacit\u00e1s f\u00fcggv\u00e9ny\u00e9ben igazol vissza.<\/p>\n<p>\u00cdr\u00e1sbeli regisztr\u00e1ci\u00f3 n\u00e9lk\u00fcl az utalv\u00e1ny bev\u00e1lt\u00e1s\u00e1ra nincs lehet\u0151s\u00e9g!<\/p>\n","protected":false},"excerpt":{"rendered":"<h2>Csomag\u00e1r:\u00a0 \u00a049.990,- HUF<\/h2>\n<p>Barangol\u00e1s Eger barokk belv\u00e1ros\u00e1ban? Megn\u00e9zni minden helyi nevezetess\u00e9get? Megl\u00e1togatni a gy\u00f3gyf\u00fcrd\u0151ket? Kir\u00e1ndulni a v\u00e1ros k\u00f6rny\u00e9k\u00e9n?<br \/>\n\u2026akkor ez a csomag az igaz\u00e1n Neked val\u00f3!<\/p>\n<p>Sz\u00e1llod\u00e1nk a v\u00e1ros k\u00f6zpontj\u00e1ban helyezkedik el, t\u0151l\u00fcnk p\u00e1r perc s\u00e9t\u00e1val minden l\u00e1tnival\u00f3 k\u00f6nnyen el\u00e9rhet\u0151!<\/p>\n<h2>\u00c9bred\u00e9s ut\u00e1n egy finom reggeli, azt\u00e1n ir\u00e1ny a v\u00e1ros!<\/h2>\n<p>&nbsp;<\/p>\n","protected":false},"featured_media":2148,"comment_status":"closed","ping_status":"closed","template":"","meta":{"site-sidebar-layout":"default","site-content-layout":"default","ast-site-content-layout":"default","site-content-style":"default","site-sidebar-style":"default","ast-global-header-display":"","ast-banner-title-visibility":"","ast-main-header-display":"","ast-hfb-above-header-display":"","ast-hfb-below-header-display":"","ast-hfb-mobile-header-display":"","site-post-title":"","ast-breadcrumbs-content":"","ast-featured-img":"","footer-sml-layout":"","ast-disable-related-posts":"","theme-transparent-header-meta":"default","adv-header-id-meta":"","stick-header-meta":"","header-above-stick-meta":"","header-main-stick-meta":"","header-below-stick-meta":"","astra-migrate-meta-layouts":"set","ast-page-background-enabled":"default","ast-page-background-meta":{"desktop":{"background-color":"var(--ast-global-color-4)","background-image":"","background-repeat":"repeat","background-position":"center center","background-size":"auto","background-attachment":"scroll","background-type":"","background-media":"","overlay-type":"","overlay-color":"","overlay-opacity":"","overlay-gradient":""},"tablet":{"background-color":"","background-image":"","background-repeat":"repeat","background-position":"center center","background-size":"auto","background-attachment":"scroll","background-type":"","background-media":"","overlay-type":"","overlay-color":"","overlay-opacity":"","overlay-gradient":""},"mobile":{"background-color":"","background-image":"","background-repeat":"repeat","background-position":"center center","background-size":"auto","background-attachment":"scroll","background-type":"","background-media":"","overlay-type":"","overlay-color":"","overlay-opacity":"","overlay-gradient":""}},"ast-content-background-meta":{"desktop":{"background-color":"var(--ast-global-color-5)","background-image":"","background-repeat":"repeat","background-position":"center center","background-size":"auto","background-attachment":"scroll","background-type":"","background-media":"","overlay-type":"","overlay-color":"","overlay-opacity":"","overlay-gradient":""},"tablet":{"background-color":"var(--ast-global-color-5)","background-image":"","background-repeat":"repeat","background-position":"center center","background-size":"auto","background-attachment":"scroll","background-type":"","background-media":"","overlay-type":"","overlay-color":"","overlay-opacity":"","overlay-gradient":""},"mobile":{"background-color":"var(--ast-global-color-5)","background-image":"","background-repeat":"repeat","background-position":"center center","background-size":"auto","background-attachment":"scroll","background-type":"","background-media":"","overlay-type":"","overlay-color":"","overlay-opacity":"","overlay-gradient":""}}},"product_brand":[],"product_cat":[17,18],"product_tag":[],"class_list":{"0":"post-849","1":"product","2":"type-product","3":"status-publish","4":"has-post-thumbnail","6":"product_cat-ajandekutalvany","7":"product_cat-giftcoupon","8":"desktop-align-left","9":"tablet-align-left","10":"mobile-align-left","12":"first","13":"instock","14":"virtual","15":"purchasable","16":"product-type-simple"},"_links":{"self":[{"href":"https:\/\/hotelunicornis.hu\/web\/wp-json\/wp\/v2\/product\/849","targetHints":{"allow":["GET"]}}],"collection":[{"href":"https:\/\/hotelunicornis.hu\/web\/wp-json\/wp\/v2\/product"}],"about":[{"href":"https:\/\/hotelunicornis.hu\/web\/wp-json\/wp\/v2\/types\/product"}],"replies":[{"embeddable":true,"href":"https:\/\/hotelunicornis.hu\/web\/wp-json\/wp\/v2\/comments?post=849"}],"wp:featuredmedia":[{"embeddable":true,"href":"https:\/\/hotelunicornis.hu\/web\/wp-json\/wp\/v2\/media\/2148"}],"wp:attachment":[{"href":"https:\/\/hotelunicornis.hu\/web\/wp-json\/wp\/v2\/media?parent=849"}],"wp:term":[{"taxonomy":"product_brand","embeddable":true,"href":"https:\/\/hotelunicornis.hu\/web\/wp-json\/wp\/v2\/product_brand?post=849"},{"taxonomy":"product_cat","embeddable":true,"href":"https:\/\/hotelunicornis.hu\/web\/wp-json\/wp\/v2\/product_cat?post=849"},{"taxonomy":"product_tag","embeddable":true,"href":"https:\/\/hotelunicornis.hu\/web\/wp-json\/wp\/v2\/product_tag?post=849"}],"curies":[{"name":"wp","href":"https:\/\/api.w.org\/{rel}","templated":true}]}}